{"id":59930,"date":"2020-02-11T12:34:38","date_gmt":"2020-02-11T12:34:38","guid":{"rendered":"https:\/\/stg.rhinolands.com\/rechtlicher-hinweis\/"},"modified":"2020-03-05T12:29:07","modified_gmt":"2020-03-05T12:29:07","slug":"legal-notice","status":"publish","type":"page","link":"https:\/\/stg.rhinolands.com\/de\/legal\/legal-notice\/","title":{"rendered":"Rechtlicher Hinweis"},"content":{"rendered":"<p><strong>RECHTLICHER HINWEIS<\/strong><br \/> Der Zugang zu dieser Webseite geschieht aus freiem Willen und weist demjenigen, der ihn wahrnimmt, die Eigenschaft des Nutzers zu, der ab diesem Moment in vollem Umfang und ohne Vorbehalte die in diesem Rechtlichen Hinweis enthaltenen allgemeinen Gesch\u00e4ftsbedingungen annimmt.<br \/> Der Nutzer erkennt an, wei\u00df und akzeptiert beim Besuch der Seite, dass die Daten und Informationen \u00fcber Produkte und Dienstleistungen sowie alle weiteren auf der selben enthaltenen Daten ausschlie\u00dflich zu informativen Zwecken erscheinen und Fehler oder Ungenauigkeiten enthalten bzw. nicht auf neuestem Stand sein k\u00f6nnen.<br \/> Asuni CAD, S.A. (nachstehend bezeichnet als Asuni) beh\u00e4lt sich vor, den Zugang zu ihrer Webseite f\u00fcr Instandhaltungsma\u00dfnahmen, Reparaturen, Aktualisierungen oder Verbesserungen ohne vorherige Ank\u00fcndigung zeitweise zu unterbrechen oder definitiv aufzuheben. Asuni beh\u00e4lt sich das Recht vor, die Zugangsbedingungen zu ihrer Webseite und die Inhalte derselben einseitig zu \u00e4ndern.<\/p>\n<p><strong>HAFTUNGSBESCHR\u00c4NKUNG<\/strong><br \/> In dem Ma\u00dfe, in dem es die rechtlichen Vorschriften zulassen, gew\u00e4hrleistet Asuni nicht das korrekte Funktionieren der Seite, der auf ihr enthaltenen Information, der Software, der Materialien oder Produkte.<br \/> Sowohl der Zugang als auch die Nutzung der Seite und der auf ihr enthaltenen Information, Software, Materialien oder Produkte ist ausschlie\u00dflich im Verantwortungsbereich desjenigen, der sie nutzt. Asuni haftet nicht f\u00fcr unmittelbar oder mittelbar entstandene Sch\u00e4den, die sich aus der Unterbrechung oder fehlenden Kontinuit\u00e4t der Webseite ergeben k\u00f6nnten, f\u00fcr den Zugang und die Nutzung der auf ihr enthaltenen Information, oder f\u00fcr m\u00f6gliche Sch\u00e4den, die im System des Nutzers bzw. an den Dateien oder gespeicherten Dokumenten desselben als Folge eines Computervirus in dem f\u00fcr den Anschluss genutzten PC des Nutzers, des fehlerhaften Funktionieren des Navigators oder die Nutzung von nicht aktualisierten Versionen desselben verursacht werden k\u00f6nnen.<\/p>\n<p><strong>URHEBERRECHTE UND GEWERBLICHE SCHUTZRECHTE<\/strong><br \/> Der Nutzer verpflichtet sich, die Webseite und deren Inhalte zu nutzen, ohne gegen das spanische Recht und den guten Glauben zu versto\u00dfen. Des Weiteren ist es untersagt, diese mit unrechtm\u00e4\u00dfigen oder sch\u00e4digenden Zwecken gegen Asuni oder Dritte oder in einer Form zu nutzen, die einen Schaden verursachen oder das normale Funktionieren der Webseite verhindern kann.<br \/> Die Inhalte der Webseite (Dateien, Texte, Grafiken, Tondateien, Bilder, Fotos usw.) sind durch die spanischen Gesetze und internationale Abkommen \u00fcber Urheberrechte und gewerblichen Schutzrechte gesch\u00fctzt. Auf keinen Fall bedeutet die Bereitstellung von Inhalten oder der Zugang zu der Seite den Verzicht, die \u00dcbertragung oder vollst\u00e4ndige bzw. teilweise \u00dcberlassung von diesen Rechten und erteilt auch keinen Anspruch auf Nutzung, \u00c4nderung, Ausnutzung, Wiedergabe, Vervielf\u00e4ltigung, Umwandlung oder \u00f6ffentliche Bekanntmachung dieser Inhalte ohne die vorherige ausdr\u00fcckliche Genehmigung von Asuni.<\/p>\n<p>Es ist erlaubt, eine private Sicherheitskopie dieser Inhalte einzusehen und zu erhalten wenn: (i) dieses Recht gem\u00e4\u00df dem Grundsatz des guten Glaubens wahrgenommen wird, (ii) der Inhalt auf jeden Fall unver\u00e4ndert bleibt, (iii) auf der eventuellen privaten Sicherheitskopie das Copyright und die weiteren Daten zur Identifizierung der Rechte von Asuni erscheinen und (iv) dies ohne gesch\u00e4ftliche Absichten und ausschlie\u00dflich f\u00fcr die private Information des Nutzers erfolgt. \u00a9 Asuni CAD, S.A., 2015. Alle Rechte vorbehalten<\/p>","protected":false},"excerpt":{"rendered":"<p>RECHTLICHER HINWEIS Der Zugang zu dieser Webseite geschieht aus freiem Willen und weist demjenigen, der ihn wahrnimmt, die Eigenschaft des Nutzers zu, der ab diesem Moment in vollem Umfang und ohne Vorbehalte die in diesem Rechtlichen Hinweis enthaltenen allgemeinen Gesch\u00e4ftsbedingungen annimmt. Der Nutzer erkennt an, wei\u00df und akzeptiert beim Besuch der Seite, dass die Daten [&hellip;]<\/p>\n","protected":false},"author":1,"featured_media":0,"parent":59939,"menu_order":120,"comment_status":"closed","ping_status":"closed","template":"","meta":{"_et_pb_use_builder":"","_et_pb_old_content":"","_et_gb_content_width":"","footnotes":""},"class_list":["post-59930","page","type-page","status-publish","hentry"],"yoast_head":"<!-- This site is optimized with the Yoast SEO plugin v27.5 - https:\/\/yoast.com\/product\/yoast-seo-wordpress\/ -->\n<title>Rechtlicher Hinweis - RhinoLands<\/title>\n<meta name=\"robots\" content=\"noindex, follow, max-snippet:-1, max-image-preview:large, max-video-preview:-1\" \/>\n<meta property=\"og:locale\" content=\"de_DE\" \/>\n<meta property=\"og:type\" content=\"article\" \/>\n<meta property=\"og:title\" content=\"Rechtlicher Hinweis - RhinoLands\" \/>\n<meta property=\"og:description\" content=\"RECHTLICHER HINWEIS Der Zugang zu dieser Webseite geschieht aus freiem Willen und weist demjenigen, der ihn wahrnimmt, die Eigenschaft des Nutzers zu, der ab diesem Moment in vollem Umfang und ohne Vorbehalte die in diesem Rechtlichen Hinweis enthaltenen allgemeinen Gesch\u00e4ftsbedingungen annimmt. Der Nutzer erkennt an, wei\u00df und akzeptiert beim Besuch der Seite, dass die Daten [&hellip;]\" \/>\n<meta property=\"og:url\" content=\"https:\/\/stg.rhinolands.com\/de\/legal\/legal-notice\/\" \/>\n<meta property=\"og:site_name\" content=\"RhinoLands\" \/>\n<meta property=\"article:modified_time\" content=\"2020-03-05T12:29:07+00:00\" \/>\n<meta name=\"twitter:card\" content=\"summary_large_image\" \/>\n<meta name=\"twitter:label1\" content=\"Gesch\u00e4tzte Lesezeit\" \/>\n\t<meta name=\"twitter:data1\" content=\"3\u00a0Minuten\" \/>\n<script type=\"application\/ld+json\" class=\"yoast-schema-graph\">{\"@context\":\"https:\\\/\\\/schema.org\",\"@graph\":[{\"@type\":\"WebPage\",\"@id\":\"https:\\\/\\\/stg.rhinolands.com\\\/de\\\/legal\\\/legal-notice\\\/\",\"url\":\"https:\\\/\\\/stg.rhinolands.com\\\/de\\\/legal\\\/legal-notice\\\/\",\"name\":\"Rechtlicher Hinweis - RhinoLands\",\"isPartOf\":{\"@id\":\"https:\\\/\\\/stg.rhinolands.com\\\/de\\\/#website\"},\"datePublished\":\"2020-02-11T12:34:38+00:00\",\"dateModified\":\"2020-03-05T12:29:07+00:00\",\"breadcrumb\":{\"@id\":\"https:\\\/\\\/stg.rhinolands.com\\\/de\\\/legal\\\/legal-notice\\\/#breadcrumb\"},\"inLanguage\":\"de\",\"potentialAction\":[{\"@type\":\"ReadAction\",\"target\":[\"https:\\\/\\\/stg.rhinolands.com\\\/de\\\/legal\\\/legal-notice\\\/\"]}]},{\"@type\":\"BreadcrumbList\",\"@id\":\"https:\\\/\\\/stg.rhinolands.com\\\/de\\\/legal\\\/legal-notice\\\/#breadcrumb\",\"itemListElement\":[{\"@type\":\"ListItem\",\"position\":1,\"name\":\"Home\",\"item\":\"https:\\\/\\\/stg.rhinolands.com\\\/de\\\/\"},{\"@type\":\"ListItem\",\"position\":2,\"name\":\"Rechtliche Bestimmungen\",\"item\":\"https:\\\/\\\/stg.rhinolands.com\\\/de\\\/legal\\\/\"},{\"@type\":\"ListItem\",\"position\":3,\"name\":\"Rechtlicher Hinweis\"}]},{\"@type\":\"WebSite\",\"@id\":\"https:\\\/\\\/stg.rhinolands.com\\\/de\\\/#website\",\"url\":\"https:\\\/\\\/stg.rhinolands.com\\\/de\\\/\",\"name\":\"RhinoLands\",\"description\":\"BIM landscape software\",\"publisher\":{\"@id\":\"https:\\\/\\\/stg.rhinolands.com\\\/de\\\/#organization\"},\"potentialAction\":[{\"@type\":\"SearchAction\",\"target\":{\"@type\":\"EntryPoint\",\"urlTemplate\":\"https:\\\/\\\/stg.rhinolands.com\\\/de\\\/?s={search_term_string}\"},\"query-input\":{\"@type\":\"PropertyValueSpecification\",\"valueRequired\":true,\"valueName\":\"search_term_string\"}}],\"inLanguage\":\"de\"},{\"@type\":\"Organization\",\"@id\":\"https:\\\/\\\/stg.rhinolands.com\\\/de\\\/#organization\",\"name\":\"Asuni Soft\",\"url\":\"https:\\\/\\\/stg.rhinolands.com\\\/de\\\/\",\"logo\":{\"@type\":\"ImageObject\",\"inLanguage\":\"de\",\"@id\":\"https:\\\/\\\/stg.rhinolands.com\\\/de\\\/#\\\/schema\\\/logo\\\/image\\\/\",\"url\":\"https:\\\/\\\/stg.rhinolands.com\\\/wp-content\\\/uploads\\\/2020\\\/02\\\/AsuniLogoFinal-01.png\",\"contentUrl\":\"https:\\\/\\\/stg.rhinolands.com\\\/wp-content\\\/uploads\\\/2020\\\/02\\\/AsuniLogoFinal-01.png\",\"width\":151,\"height\":46,\"caption\":\"Asuni Soft\"},\"image\":{\"@id\":\"https:\\\/\\\/stg.rhinolands.com\\\/de\\\/#\\\/schema\\\/logo\\\/image\\\/\"}}]}<\/script>\n<!-- \/ Yoast SEO plugin. -->","yoast_head_json":{"title":"Rechtlicher Hinweis - RhinoLands","robots":{"index":"noindex","follow":"follow","max-snippet":"max-snippet:-1","max-image-preview":"max-image-preview:large","max-video-preview":"max-video-preview:-1"},"og_locale":"de_DE","og_type":"article","og_title":"Rechtlicher Hinweis - RhinoLands","og_description":"RECHTLICHER HINWEIS Der Zugang zu dieser Webseite geschieht aus freiem Willen und weist demjenigen, der ihn wahrnimmt, die Eigenschaft des Nutzers zu, der ab diesem Moment in vollem Umfang und ohne Vorbehalte die in diesem Rechtlichen Hinweis enthaltenen allgemeinen Gesch\u00e4ftsbedingungen annimmt. Der Nutzer erkennt an, wei\u00df und akzeptiert beim Besuch der Seite, dass die Daten [&hellip;]","og_url":"https:\/\/stg.rhinolands.com\/de\/legal\/legal-notice\/","og_site_name":"RhinoLands","article_modified_time":"2020-03-05T12:29:07+00:00","twitter_card":"summary_large_image","twitter_misc":{"Gesch\u00e4tzte Lesezeit":"3\u00a0Minuten"},"schema":{"@context":"https:\/\/schema.org","@graph":[{"@type":"WebPage","@id":"https:\/\/stg.rhinolands.com\/de\/legal\/legal-notice\/","url":"https:\/\/stg.rhinolands.com\/de\/legal\/legal-notice\/","name":"Rechtlicher Hinweis - RhinoLands","isPartOf":{"@id":"https:\/\/stg.rhinolands.com\/de\/#website"},"datePublished":"2020-02-11T12:34:38+00:00","dateModified":"2020-03-05T12:29:07+00:00","breadcrumb":{"@id":"https:\/\/stg.rhinolands.com\/de\/legal\/legal-notice\/#breadcrumb"},"inLanguage":"de","potentialAction":[{"@type":"ReadAction","target":["https:\/\/stg.rhinolands.com\/de\/legal\/legal-notice\/"]}]},{"@type":"BreadcrumbList","@id":"https:\/\/stg.rhinolands.com\/de\/legal\/legal-notice\/#breadcrumb","itemListElement":[{"@type":"ListItem","position":1,"name":"Home","item":"https:\/\/stg.rhinolands.com\/de\/"},{"@type":"ListItem","position":2,"name":"Rechtliche Bestimmungen","item":"https:\/\/stg.rhinolands.com\/de\/legal\/"},{"@type":"ListItem","position":3,"name":"Rechtlicher Hinweis"}]},{"@type":"WebSite","@id":"https:\/\/stg.rhinolands.com\/de\/#website","url":"https:\/\/stg.rhinolands.com\/de\/","name":"RhinoLands","description":"BIM landscape software","publisher":{"@id":"https:\/\/stg.rhinolands.com\/de\/#organization"},"potentialAction":[{"@type":"SearchAction","target":{"@type":"EntryPoint","urlTemplate":"https:\/\/stg.rhinolands.com\/de\/?s={search_term_string}"},"query-input":{"@type":"PropertyValueSpecification","valueRequired":true,"valueName":"search_term_string"}}],"inLanguage":"de"},{"@type":"Organization","@id":"https:\/\/stg.rhinolands.com\/de\/#organization","name":"Asuni Soft","url":"https:\/\/stg.rhinolands.com\/de\/","logo":{"@type":"ImageObject","inLanguage":"de","@id":"https:\/\/stg.rhinolands.com\/de\/#\/schema\/logo\/image\/","url":"https:\/\/stg.rhinolands.com\/wp-content\/uploads\/2020\/02\/AsuniLogoFinal-01.png","contentUrl":"https:\/\/stg.rhinolands.com\/wp-content\/uploads\/2020\/02\/AsuniLogoFinal-01.png","width":151,"height":46,"caption":"Asuni Soft"},"image":{"@id":"https:\/\/stg.rhinolands.com\/de\/#\/schema\/logo\/image\/"}}]}},"_links":{"self":[{"href":"https:\/\/stg.rhinolands.com\/de\/wp-json\/wp\/v2\/pages\/59930","targetHints":{"allow":["GET"]}}],"collection":[{"href":"https:\/\/stg.rhinolands.com\/de\/wp-json\/wp\/v2\/pages"}],"about":[{"href":"https:\/\/stg.rhinolands.com\/de\/wp-json\/wp\/v2\/types\/page"}],"author":[{"embeddable":true,"href":"https:\/\/stg.rhinolands.com\/de\/wp-json\/wp\/v2\/users\/1"}],"replies":[{"embeddable":true,"href":"https:\/\/stg.rhinolands.com\/de\/wp-json\/wp\/v2\/comments?post=59930"}],"version-history":[{"count":0,"href":"https:\/\/stg.rhinolands.com\/de\/wp-json\/wp\/v2\/pages\/59930\/revisions"}],"up":[{"embeddable":true,"href":"https:\/\/stg.rhinolands.com\/de\/wp-json\/wp\/v2\/pages\/59939"}],"wp:attachment":[{"href":"https:\/\/stg.rhinolands.com\/de\/wp-json\/wp\/v2\/media?parent=59930"}],"curies":[{"name":"wp","href":"https:\/\/api.w.org\/{rel}","templated":true}]}}