{"id":59939,"date":"2020-02-11T12:34:48","date_gmt":"2020-02-11T12:34:48","guid":{"rendered":"https:\/\/stg.rhinolands.com\/rechtliche-bestimmungen\/"},"modified":"2024-04-12T11:56:34","modified_gmt":"2024-04-12T09:56:34","slug":"legal","status":"publish","type":"page","link":"https:\/\/stg.rhinolands.com\/de\/legal\/","title":{"rendered":"Rechtliche Bestimmungen"},"content":{"rendered":"[et_pb_section fb_built=&#8220;1&#8243; admin_label=&#8220;section&#8220; _builder_version=&#8220;4.16&#8243; global_colors_info=&#8220;{}&#8220; da_is_popup=&#8220;off&#8220; da_exit_intent=&#8220;off&#8220; da_has_close=&#8220;on&#8220; da_alt_close=&#8220;off&#8220; da_dark_close=&#8220;off&#8220; da_not_modal=&#8220;on&#8220; da_is_singular=&#8220;off&#8220; da_with_loader=&#8220;off&#8220; da_has_shadow=&#8220;on&#8220; da_disable_devices=&#8220;off|off|off&#8220;][et_pb_row admin_label=&#8220;Reihe&#8220; _builder_version=&#8220;4.16&#8243; background_size=&#8220;initial&#8220; background_position=&#8220;top_left&#8220; background_repeat=&#8220;repeat&#8220; global_colors_info=&#8220;{}&#8220;][et_pb_column type=&#8220;4_4&#8243; _builder_version=&#8220;4.16&#8243; custom_padding=&#8220;|||&#8220; global_colors_info=&#8220;{}&#8220; custom_padding__hover=&#8220;|||&#8220;][et_pb_post_title meta=&#8220;off&#8220; featured_image=&#8220;off&#8220; admin_label=&#8220;Titulo de la p\u00e1gina&#8220; _builder_version=&#8220;4.16&#8243; title_font=&#8220;|on|||&#8220; title_font_size=&#8220;30px&#8220; title_all_caps=&#8220;off&#8220; background_color=&#8220;rgba(255,255,255,0)&#8220; parallax=&#8220;on&#8220; parallax_method=&#8220;off&#8220; parallax_effect=&#8220;on&#8220; module_bg_color=&#8220;rgba(255,255,255,0)&#8220; use_border_color=&#8220;off&#8220; border_color=&#8220;#ffffff&#8220; border_style=&#8220;solid&#8220; saved_tabs=&#8220;all&#8220; global_colors_info=&#8220;{}&#8220;][\/et_pb_post_title][et_pb_text _builder_version=&#8220;4.24.3&#8243; _module_preset=&#8220;default&#8220; hover_enabled=&#8220;0&#8243; sticky_enabled=&#8220;0&#8243;]<h3>JURISTISCHE ANSAGE<\/h3>\n<p>In \u00dcbereinstimmung mit dem spanischen Gesetz 34\/2002 vom 11. Juli \u00fcber die Dienstleistungen der Informationsgesellschaft und des elektronischen Handels (<em>Ley 34\/2002, de 11 de julio, de Servicios de la Sociedad de la Informaci\u00f3n y de Comercio Electr\u00f3nico<\/em>) informiert Sie das Unternehmen, das Eigent\u00fcmer der vorliegenden Website ist. Gem\u00e4\u00df Artikel 10 der oben genannten Verordnung m\u00fcssen wir Ihnen die folgenden Informationen zur Verf\u00fcgung stellen:<\/p>[\/et_pb_text][et_pb_text _builder_version=&#8220;4.24.3&#8243; _module_preset=&#8220;default&#8220; hover_enabled=&#8220;0&#8243; sticky_enabled=&#8220;0&#8243;]Der Eigent\u00fcmer der Website ist:\n<table border=\"1\" style=\"border-collapse: collapse; width: 100%;\">\n<tbody>\n<tr>\n<td style=\"width: 50%;\">Name des Unternehmens<\/td>\n<td style=\"width: 50%;\">Asuni Soft S.L.<\/td>\n<\/tr>\n<tr>\n<td style=\"width: 50%;\">STEUERNUMMER<\/td>\n<td style=\"width: 50%;\">ESB62897731<\/td>\n<\/tr>\n<tr>\n<td style=\"width: 50%;\">Adresse<\/td>\n<td style=\"width: 50%;\">Roger de Flor, 32-34<\/td>\n<\/tr>\n<tr>\n<td style=\"width: 50%;\">Postleitzahl<\/td>\n<td style=\"width: 50%;\">08018<\/td>\n<\/tr>\n<tr>\n<td style=\"width: 50%;\">Ort<\/td>\n<td style=\"width: 50%;\">Barcelona<\/td>\n<\/tr>\n<tr>\n<td style=\"width: 50%;\">Land<\/td>\n<td style=\"width: 50%;\">SPANIEN<\/td>\n<\/tr>\n<\/tbody>\n<\/table>[\/et_pb_text][et_pb_text _builder_version=&#8220;4.24.3&#8243; _module_preset=&#8220;default&#8220; hover_enabled=&#8220;0&#8243; sticky_enabled=&#8220;0&#8243;]<h3>BENUTZER<\/h3>\n<p>Der Zugang und\/oder die Nutzung der Website gew\u00e4hrt Ihnen die Bedingung des BENUTZERS, die Sie im Rahmen der hier aufgef\u00fchrten Allgemeinen Nutzungsbedingungen akzeptieren. Diese Bedingungen werden unabh\u00e4ngig von den geltenden Allgemeinen Gesch\u00e4ftsbedingungen angewandt.<\/p>[\/et_pb_text][et_pb_text _builder_version=&#8220;4.24.3&#8243; _module_preset=&#8220;default&#8220; hover_enabled=&#8220;0&#8243; sticky_enabled=&#8220;0&#8243;]<h3>NUTZUNG DER WEBSITE<\/h3>\n<p>Die Webseite gew\u00e4hrt Zugang zu einer Vielzahl von Informationen, Dienstleistungen, Programmen oder Daten (im Folgenden &#8222;die Inhalte&#8220;) im Internet, die dem Unternehmen oder seinen Lizenzgebern geh\u00f6ren und zu denen der BENUTZER Zugang haben kann. Der BENUTZER \u00fcbernimmt die Verantwortung f\u00fcr die Nutzung der Website.\u00a0Der BENUTZER verpflichtet sich, die Inhalte und Dienstleistungen, die das Unternehmen \u00fcber seine Website anbietet, korrekt zu nutzen, da sie sinnvoll sind, aber keinen einschr\u00e4nkenden Charakter haben und nicht f\u00fcr andere Zwecke verwendet werden d\u00fcrfen, wie:<\/p>\n<ul>\n<li>Unerlaubte, illegale oder gegen Treu und Glauben und die \u00f6ffentliche Ordnung versto\u00dfende Handlungen.<\/li>\n<li>Verbreitung von Inhalten oder Propaganda, die als rassistisch, fremdenfeindlich, pornografisch-illegal oder als Rechtfertigung des Terrorismus oder als Angriff auf die Menschenrechte gilt.<br \/>Verursachung von Sch\u00e4den an den physischen oder logischen Systemen des Unternehmens, seiner Lieferanten oder Dritter, Einf\u00fchrung oder Verbreitung von Computerviren im Internet oder anderen physischen oder logischen Systemen, die Sch\u00e4den wie die oben genannten verursachen k\u00f6nnen.<\/li>\n<li>Den Versuch, auf die E-Mail-Konten anderer Benutzer zuzugreifen oder sie zu benutzen und ihre Nachrichten zu \u00e4ndern oder zu manipulieren.<\/li>\n<\/ul>[\/et_pb_text][et_pb_text _builder_version=&#8220;4.24.3&#8243; _module_preset=&#8220;default&#8220; hover_enabled=&#8220;0&#8243; sticky_enabled=&#8220;0&#8243;]<h3>GEISTIGES UND GEWERBLICHES EIGENTUM<\/h3>\n<p>Das Unternehmen verf\u00fcgt \u00fcber alle Rechte des gewerblichen und geistigen Eigentums an seiner Webseite sowie an den darin enthaltenen Elementen (Bilder, Ton, Audio, Video, Software oder Texte, Marken oder Logos, Farbkombinationen, Struktur und Design, Auswahl der verwendeten Materialien, Computerprogramme, die f\u00fcr das Funktionieren, den Zugang und die Nutzung erforderlich sind usw.)<\/p>\n<p>Alle Rechte vorbehalten. Gem\u00e4\u00df den Artikeln 8 und 32.1, zweiter Absatz, des geltenden spanischen Gesetzes \u00fcber geistiges Eigentum sind die Vervielf\u00e4ltigung, die Verbreitung und die \u00f6ffentliche Bekanntmachung ausdr\u00fccklich verboten, einschlie\u00dflich der Art und Weise, wie der Inhalt dieser Webseite ganz oder teilweise zu gesch\u00e4ftlichen Zwecken auf elektronischem Wege ohne Genehmigung des Unternehmens zug\u00e4nglich gemacht wird. Der BENUTZER verpflichtet sich, die Rechte des geistigen und gewerblichen Eigentums zu respektieren, die dem Unternehmen geh\u00f6ren. Der BENUTZER kann die Elemente der Website visualisieren, einschlie\u00dflich des Ausdruckens, Kopieren oder Speichern auf der Festplatte Ihres Computers oder eines anderen physischen Tr\u00e4gers, solange dies einzig und allein f\u00fcr seine pers\u00f6nlichen und privaten Zwecke geschieht. Der BENUTZER wird es unterlassen, die auf der Website des Unternehmens installierten Schutzvorrichtungen oder Sicherheitssysteme zu l\u00f6schen, zu ver\u00e4ndern, zu umgehen oder zu manipulieren<\/p>[\/et_pb_text][et_pb_text _builder_version=&#8220;4.24.3&#8243; _module_preset=&#8220;default&#8220; hover_enabled=&#8220;0&#8243; sticky_enabled=&#8220;0&#8243;]<h3>AUSSCHLUSS VON GARANTIEN UND VERANTWORTLICHKEITEN<\/h3>\n<p>Das Unternehmen haftet unter keinen Umst\u00e4nden f\u00fcr Sch\u00e4den, die z.B. durch Fehler oder Auslassungen, mangelnde Verantwortlichkeit der Website oder durch Virenbefall oder b\u00f6sartige Programme in ihrem Inhalt verursacht werden, obwohl es alle notwendigen technischen Ma\u00dfnahmen zu ihrer Vermeidung getroffen hat.<\/p>[\/et_pb_text][et_pb_text _builder_version=&#8220;4.24.3&#8243; _module_preset=&#8220;default&#8220; hover_enabled=&#8220;0&#8243; sticky_enabled=&#8220;0&#8243;]<h3>\u00c4NDERUNGEN<\/h3>\n<p>Das Unternehmen beh\u00e4lt sich das Recht vor, ohne Vorank\u00fcndigung \u00c4nderungen vorzunehmen, die als notwendig erachtet werden, so dass es nicht nur die Inhalte und Dienstleistungen, die es anbietet, sondern auch die Art und Weise, wie sie auf der Website pr\u00e4sentiert werden, \u00e4ndern, beseitigen oder hinzuf\u00fcgen kann.<\/p>[\/et_pb_text][et_pb_text _builder_version=&#8220;4.24.3&#8243; _module_preset=&#8220;default&#8220; hover_enabled=&#8220;0&#8243; sticky_enabled=&#8220;0&#8243;]<h3>LINKS<\/h3>\n<p>F\u00fcr den Fall, dass auf der Webseite Links oder Hyperlinks zu anderen Internetseiten gesetzt wurden, \u00fcbt das Unternehmen keinerlei Kontrolle \u00fcber diese Seiten und Inhalte aus. Das Unternehmen \u00fcbernimmt unter keinen Umst\u00e4nden die Verantwortung f\u00fcr den Inhalt eines Links, der zu einer anderen Website geh\u00f6rt, noch garantiert es die technische Verf\u00fcgbarkeit, Qualit\u00e4t, Zuverl\u00e4ssigkeit, Genauigkeit, Wahrhaftigkeit, G\u00fcltigkeit oder Verfassungsm\u00e4\u00dfigkeit von Material oder Informationen, die in einem solchen Hyperlink oder einer anderen Website enthalten sind.<\/p>\n<p>Ebenso wenig bedeutet die Aufnahme dieser externen Verbindungen irgendeine Art von Assoziation, Zusammenschluss oder Beteiligung mit den verbundenen Einrichtungen.<\/p>[\/et_pb_text][et_pb_text _builder_version=&#8220;4.24.3&#8243; _module_preset=&#8220;default&#8220; hover_enabled=&#8220;0&#8243; sticky_enabled=&#8220;0&#8243;]<h3>AUSSCHLUSSRECHTE<\/h3>\n<p>Das Unternehmen beh\u00e4lt sich das Recht vor, den Zugang zur Website und\/oder zu den angebotenen Diensten zu verweigern oder zu entziehen, und zwar ohne vorherige Ank\u00fcndigung durch das Unternehmen selbst oder durch Dritte, wenn die Nutzer die geltenden Allgemeinen Nutzungsbedingungen nicht einhalten.<\/p>[\/et_pb_text][et_pb_text _builder_version=&#8220;4.24.3&#8243; _module_preset=&#8220;default&#8220; hover_enabled=&#8220;0&#8243; sticky_enabled=&#8220;0&#8243;]<h3>BEZ\u00dcGLICH DER GEGENW\u00c4RTIGEN BEDINGUNGEN UND DER DAUER<\/h3>\n<p>Das Unternehmen kann die hiermit festgelegten Bedingungen jederzeit \u00e4ndern. Die G\u00fcltigkeit der Bedingungen entspricht ihrer Ver\u00f6ffentlichung und bleibt bestehen, bis sie ordnungsgem\u00e4\u00df ver\u00f6ffentlicht oder durch andere ge\u00e4ndert werden.<\/p>[\/et_pb_text][et_pb_text _builder_version=&#8220;4.24.3&#8243; _module_preset=&#8220;default&#8220; hover_enabled=&#8220;0&#8243; sticky_enabled=&#8220;0&#8243;]<h3>ALLGEMEINES<\/h3>\n<p>Das Unternehmen wird die Nichteinhaltung dieser Bedingungen sowie jede zweifelhafte Nutzung seiner Website durch die Durchsetzung der eventuell entsprechenden zivil- und strafrechtlichen Ma\u00dfnahmen verfolgen.<\/p>[\/et_pb_text][et_pb_text _builder_version=&#8220;4.24.3&#8243; _module_preset=&#8220;default&#8220; hover_enabled=&#8220;0&#8243; sticky_enabled=&#8220;0&#8243;]<h3>ANWENDBARES RECHT UND GERICHTSBARKEIT<\/h3>\n<p>Die Beziehung zwischen dem Unternehmen und dem BENUTZER wird durch die geltenden spanischen Vorschriften geregelt und jede Kontroverse wird den Gerichten der oben genannten Stadt vorgelegt.<\/p>[\/et_pb_text][\/et_pb_column][\/et_pb_row][\/et_pb_section]","protected":false},"excerpt":{"rendered":"<p>JURISTISCHE ANSAGE In \u00dcbereinstimmung mit dem spanischen Gesetz 34\/2002 vom 11. Juli \u00fcber die Dienstleistungen der Informationsgesellschaft und des elektronischen Handels (Ley 34\/2002, de 11 de julio, de Servicios de la Sociedad de la Informaci\u00f3n y de Comercio Electr\u00f3nico) informiert Sie das Unternehmen, das Eigent\u00fcmer der vorliegenden Website ist. Gem\u00e4\u00df Artikel 10 der oben genannten [&hellip;]<\/p>\n","protected":false},"author":1,"featured_media":0,"parent":0,"menu_order":91,"comment_status":"closed","ping_status":"closed","template":"","meta":{"_et_pb_use_builder":"on","_et_pb_old_content":"<h1>Rechtliche Bestimmungen<\/h1>","_et_gb_content_width":"","footnotes":""},"class_list":["post-59939","page","type-page","status-publish","hentry"],"yoast_head":"<!-- This site is optimized with the Yoast SEO plugin v27.3 - https:\/\/yoast.com\/product\/yoast-seo-wordpress\/ -->\n<title>Rechtliche Bestimmungen - RhinoLands<\/title>\n<meta name=\"robots\" content=\"noindex, follow, max-snippet:-1, max-image-preview:large, max-video-preview:-1\" \/>\n<meta property=\"og:locale\" content=\"de_DE\" \/>\n<meta property=\"og:type\" content=\"article\" \/>\n<meta property=\"og:title\" content=\"Rechtliche Bestimmungen - RhinoLands\" \/>\n<meta property=\"og:description\" content=\"JURISTISCHE ANSAGE In \u00dcbereinstimmung mit dem spanischen Gesetz 34\/2002 vom 11. Juli \u00fcber die Dienstleistungen der Informationsgesellschaft und des elektronischen Handels (Ley 34\/2002, de 11 de julio, de Servicios de la Sociedad de la Informaci\u00f3n y de Comercio Electr\u00f3nico) informiert Sie das Unternehmen, das Eigent\u00fcmer der vorliegenden Website ist. Gem\u00e4\u00df Artikel 10 der oben genannten [&hellip;]\" \/>\n<meta property=\"og:url\" content=\"https:\/\/stg.rhinolands.com\/de\/legal\/\" \/>\n<meta property=\"og:site_name\" content=\"RhinoLands\" \/>\n<meta property=\"article:modified_time\" content=\"2024-04-12T09:56:34+00:00\" \/>\n<meta name=\"twitter:card\" content=\"summary_large_image\" \/>\n<meta name=\"twitter:label1\" content=\"Gesch\u00e4tzte Lesezeit\" \/>\n\t<meta name=\"twitter:data1\" content=\"3\u00a0Minuten\" \/>\n<script type=\"application\/ld+json\" class=\"yoast-schema-graph\">{\"@context\":\"https:\\\/\\\/schema.org\",\"@graph\":[{\"@type\":\"WebPage\",\"@id\":\"https:\\\/\\\/stg.rhinolands.com\\\/de\\\/legal\\\/\",\"url\":\"https:\\\/\\\/stg.rhinolands.com\\\/de\\\/legal\\\/\",\"name\":\"Rechtliche Bestimmungen - RhinoLands\",\"isPartOf\":{\"@id\":\"https:\\\/\\\/stg.rhinolands.com\\\/de\\\/#website\"},\"datePublished\":\"2020-02-11T12:34:48+00:00\",\"dateModified\":\"2024-04-12T09:56:34+00:00\",\"breadcrumb\":{\"@id\":\"https:\\\/\\\/stg.rhinolands.com\\\/de\\\/legal\\\/#breadcrumb\"},\"inLanguage\":\"de\",\"potentialAction\":[{\"@type\":\"ReadAction\",\"target\":[\"https:\\\/\\\/stg.rhinolands.com\\\/de\\\/legal\\\/\"]}]},{\"@type\":\"BreadcrumbList\",\"@id\":\"https:\\\/\\\/stg.rhinolands.com\\\/de\\\/legal\\\/#breadcrumb\",\"itemListElement\":[{\"@type\":\"ListItem\",\"position\":1,\"name\":\"Home\",\"item\":\"https:\\\/\\\/stg.rhinolands.com\\\/de\\\/\"},{\"@type\":\"ListItem\",\"position\":2,\"name\":\"Rechtliche Bestimmungen\"}]},{\"@type\":\"WebSite\",\"@id\":\"https:\\\/\\\/stg.rhinolands.com\\\/de\\\/#website\",\"url\":\"https:\\\/\\\/stg.rhinolands.com\\\/de\\\/\",\"name\":\"RhinoLands\",\"description\":\"BIM landscape software\",\"publisher\":{\"@id\":\"https:\\\/\\\/stg.rhinolands.com\\\/de\\\/#organization\"},\"potentialAction\":[{\"@type\":\"SearchAction\",\"target\":{\"@type\":\"EntryPoint\",\"urlTemplate\":\"https:\\\/\\\/stg.rhinolands.com\\\/de\\\/?s={search_term_string}\"},\"query-input\":{\"@type\":\"PropertyValueSpecification\",\"valueRequired\":true,\"valueName\":\"search_term_string\"}}],\"inLanguage\":\"de\"},{\"@type\":\"Organization\",\"@id\":\"https:\\\/\\\/stg.rhinolands.com\\\/de\\\/#organization\",\"name\":\"Asuni Soft\",\"url\":\"https:\\\/\\\/stg.rhinolands.com\\\/de\\\/\",\"logo\":{\"@type\":\"ImageObject\",\"inLanguage\":\"de\",\"@id\":\"https:\\\/\\\/stg.rhinolands.com\\\/de\\\/#\\\/schema\\\/logo\\\/image\\\/\",\"url\":\"https:\\\/\\\/stg.rhinolands.com\\\/wp-content\\\/uploads\\\/2020\\\/02\\\/AsuniLogoFinal-01.png\",\"contentUrl\":\"https:\\\/\\\/stg.rhinolands.com\\\/wp-content\\\/uploads\\\/2020\\\/02\\\/AsuniLogoFinal-01.png\",\"width\":151,\"height\":46,\"caption\":\"Asuni Soft\"},\"image\":{\"@id\":\"https:\\\/\\\/stg.rhinolands.com\\\/de\\\/#\\\/schema\\\/logo\\\/image\\\/\"}}]}<\/script>\n<!-- \/ Yoast SEO plugin. -->","yoast_head_json":{"title":"Rechtliche Bestimmungen - RhinoLands","robots":{"index":"noindex","follow":"follow","max-snippet":"max-snippet:-1","max-image-preview":"max-image-preview:large","max-video-preview":"max-video-preview:-1"},"og_locale":"de_DE","og_type":"article","og_title":"Rechtliche Bestimmungen - RhinoLands","og_description":"JURISTISCHE ANSAGE In \u00dcbereinstimmung mit dem spanischen Gesetz 34\/2002 vom 11. Juli \u00fcber die Dienstleistungen der Informationsgesellschaft und des elektronischen Handels (Ley 34\/2002, de 11 de julio, de Servicios de la Sociedad de la Informaci\u00f3n y de Comercio Electr\u00f3nico) informiert Sie das Unternehmen, das Eigent\u00fcmer der vorliegenden Website ist. Gem\u00e4\u00df Artikel 10 der oben genannten [&hellip;]","og_url":"https:\/\/stg.rhinolands.com\/de\/legal\/","og_site_name":"RhinoLands","article_modified_time":"2024-04-12T09:56:34+00:00","twitter_card":"summary_large_image","twitter_misc":{"Gesch\u00e4tzte Lesezeit":"3\u00a0Minuten"},"schema":{"@context":"https:\/\/schema.org","@graph":[{"@type":"WebPage","@id":"https:\/\/stg.rhinolands.com\/de\/legal\/","url":"https:\/\/stg.rhinolands.com\/de\/legal\/","name":"Rechtliche Bestimmungen - RhinoLands","isPartOf":{"@id":"https:\/\/stg.rhinolands.com\/de\/#website"},"datePublished":"2020-02-11T12:34:48+00:00","dateModified":"2024-04-12T09:56:34+00:00","breadcrumb":{"@id":"https:\/\/stg.rhinolands.com\/de\/legal\/#breadcrumb"},"inLanguage":"de","potentialAction":[{"@type":"ReadAction","target":["https:\/\/stg.rhinolands.com\/de\/legal\/"]}]},{"@type":"BreadcrumbList","@id":"https:\/\/stg.rhinolands.com\/de\/legal\/#breadcrumb","itemListElement":[{"@type":"ListItem","position":1,"name":"Home","item":"https:\/\/stg.rhinolands.com\/de\/"},{"@type":"ListItem","position":2,"name":"Rechtliche Bestimmungen"}]},{"@type":"WebSite","@id":"https:\/\/stg.rhinolands.com\/de\/#website","url":"https:\/\/stg.rhinolands.com\/de\/","name":"RhinoLands","description":"BIM landscape software","publisher":{"@id":"https:\/\/stg.rhinolands.com\/de\/#organization"},"potentialAction":[{"@type":"SearchAction","target":{"@type":"EntryPoint","urlTemplate":"https:\/\/stg.rhinolands.com\/de\/?s={search_term_string}"},"query-input":{"@type":"PropertyValueSpecification","valueRequired":true,"valueName":"search_term_string"}}],"inLanguage":"de"},{"@type":"Organization","@id":"https:\/\/stg.rhinolands.com\/de\/#organization","name":"Asuni Soft","url":"https:\/\/stg.rhinolands.com\/de\/","logo":{"@type":"ImageObject","inLanguage":"de","@id":"https:\/\/stg.rhinolands.com\/de\/#\/schema\/logo\/image\/","url":"https:\/\/stg.rhinolands.com\/wp-content\/uploads\/2020\/02\/AsuniLogoFinal-01.png","contentUrl":"https:\/\/stg.rhinolands.com\/wp-content\/uploads\/2020\/02\/AsuniLogoFinal-01.png","width":151,"height":46,"caption":"Asuni Soft"},"image":{"@id":"https:\/\/stg.rhinolands.com\/de\/#\/schema\/logo\/image\/"}}]}},"_links":{"self":[{"href":"https:\/\/stg.rhinolands.com\/de\/wp-json\/wp\/v2\/pages\/59939","targetHints":{"allow":["GET"]}}],"collection":[{"href":"https:\/\/stg.rhinolands.com\/de\/wp-json\/wp\/v2\/pages"}],"about":[{"href":"https:\/\/stg.rhinolands.com\/de\/wp-json\/wp\/v2\/types\/page"}],"author":[{"embeddable":true,"href":"https:\/\/stg.rhinolands.com\/de\/wp-json\/wp\/v2\/users\/1"}],"replies":[{"embeddable":true,"href":"https:\/\/stg.rhinolands.com\/de\/wp-json\/wp\/v2\/comments?post=59939"}],"version-history":[{"count":3,"href":"https:\/\/stg.rhinolands.com\/de\/wp-json\/wp\/v2\/pages\/59939\/revisions"}],"predecessor-version":[{"id":81000,"href":"https:\/\/stg.rhinolands.com\/de\/wp-json\/wp\/v2\/pages\/59939\/revisions\/81000"}],"wp:attachment":[{"href":"https:\/\/stg.rhinolands.com\/de\/wp-json\/wp\/v2\/media?parent=59939"}],"curies":[{"name":"wp","href":"https:\/\/api.w.org\/{rel}","templated":true}]}}