{"id":63869,"date":"2020-03-04T16:48:50","date_gmt":"2020-03-04T16:48:50","guid":{"rendered":"https:\/\/stg.rhinolands.com\/support\/"},"modified":"2024-09-10T15:36:51","modified_gmt":"2024-09-10T13:36:51","slug":"support","status":"publish","type":"page","link":"https:\/\/stg.rhinolands.com\/de\/support\/","title":{"rendered":"Support"},"content":{"rendered":"[et_pb_section fb_built=&#8220;1&#8243; _builder_version=&#8220;4.24.2&#8243; _module_preset=&#8220;default&#8220; da_disable_devices=&#8220;off|off|off&#8220; global_colors_info=&#8220;{}&#8220; da_is_popup=&#8220;off&#8220; da_exit_intent=&#8220;off&#8220; da_has_close=&#8220;on&#8220; da_alt_close=&#8220;off&#8220; da_dark_close=&#8220;off&#8220; da_not_modal=&#8220;on&#8220; da_is_singular=&#8220;off&#8220; da_with_loader=&#8220;off&#8220; da_has_shadow=&#8220;on&#8220;][et_pb_row _builder_version=&#8220;4.24.2&#8243; _module_preset=&#8220;default&#8220; global_colors_info=&#8220;{}&#8220;][et_pb_column type=&#8220;4_4&#8243; _builder_version=&#8220;4.24.2&#8243; _module_preset=&#8220;default&#8220; global_colors_info=&#8220;{}&#8220;][et_pb_post_title meta=&#8220;off&#8220; featured_image=&#8220;off&#8220; _builder_version=&#8220;4.24.2&#8243; _module_preset=&#8220;default&#8220; global_colors_info=&#8220;{}&#8220;][\/et_pb_post_title][et_pb_text _builder_version=&#8220;4.24.2&#8243; _module_preset=&#8220;default&#8220; global_colors_info=&#8220;{}&#8220;]<p>\r\nHier finden Sie einige der verf\u00fcgbaren Support-Optionen:<\/p>[\/et_pb_text][\/et_pb_column][\/et_pb_row][et_pb_row column_structure=&#8220;1_2,1_2&#8243; _builder_version=&#8220;4.24.2&#8243; _module_preset=&#8220;default&#8220; custom_margin=&#8220;||||false|false&#8220; custom_padding=&#8220;10px||10px||false|false&#8220; global_colors_info=&#8220;{}&#8220;][et_pb_column type=&#8220;1_2&#8243; _builder_version=&#8220;4.24.2&#8243; _module_preset=&#8220;default&#8220; border_radii=&#8220;on|12px|12px|12px|12px&#8220; border_width_all=&#8220;1px&#8220; border_color_all=&#8220;#D6D6D6&#8243; box_shadow_style=&#8220;preset1&#8243; box_shadow_blur=&#8220;6px&#8220; global_colors_info=&#8220;{}&#8220; box_shadow_blur__hover_enabled=&#8220;on|hover&#8220; box_shadow_blur__hover=&#8220;18px&#8220;][et_pb_blurb title=&#8220;Benutzerhandbuch&#8220; use_icon=&#8220;on&#8220; font_icon=&#8220;&#xe086;||divi||400&#8243; icon_placement=&#8220;left&#8220; _builder_version=&#8220;4.27.0&#8243; _module_preset=&#8220;default&#8220; min_height=&#8220;100px&#8220; custom_padding=&#8220;14px|20px|14px|20px|false|false&#8220; animation=&#8220;off&#8220; link_option_url=&#8220;https:\/\/help.rhinolands.com\/de-de\/&#8220; hover_enabled=&#8220;0&#8243; global_colors_info=&#8220;{}&#8220; sticky_enabled=&#8220;0&#8243;]<p>Hilfe mit allen Lands-Design-Befehlen und -Themen.<\/p>[\/et_pb_blurb][\/et_pb_column][et_pb_column type=&#8220;1_2&#8243; _builder_version=&#8220;4.24.2&#8243; _module_preset=&#8220;default&#8220; border_radii=&#8220;on|12px|12px|12px|12px&#8220; border_width_all=&#8220;1px&#8220; border_color_all=&#8220;#D6D6D6&#8243; box_shadow_style=&#8220;preset1&#8243; box_shadow_blur=&#8220;6px&#8220; global_colors_info=&#8220;{}&#8220; box_shadow_blur__hover_enabled=&#8220;on|hover&#8220; box_shadow_blur__hover=&#8220;18px&#8220;][et_pb_blurb title=&#8220;Forum-Community&#8220; use_icon=&#8220;on&#8220; font_icon=&#8220;&#xf086;||fa||900&#8243; icon_placement=&#8220;left&#8220; _builder_version=&#8220;4.24.2&#8243; _module_preset=&#8220;default&#8220; min_height=&#8220;100px&#8220; custom_padding=&#8220;14px|20px|14px|20px|false|false&#8220; animation=&#8220;off&#8220; link_option_url=&#8220;https:\/\/discourse.mcneel.com\/c\/plug-ins\/Lands&#8220; global_colors_info=&#8220;{}&#8220;]<p>Treten Sie der RhinoLands-Community bei, um L\u00f6sungen f\u00fcr die h\u00e4ufigsten Probleme zu finden und zu teilen.<\/p>[\/et_pb_blurb][\/et_pb_column][\/et_pb_row][et_pb_row column_structure=&#8220;1_2,1_2&#8243; _builder_version=&#8220;4.24.2&#8243; _module_preset=&#8220;default&#8220; custom_margin=&#8220;||||false|false&#8220; custom_padding=&#8220;10px||10px||false|false&#8220; global_colors_info=&#8220;{}&#8220;][et_pb_column type=&#8220;1_2&#8243; _builder_version=&#8220;4.24.2&#8243; _module_preset=&#8220;default&#8220; border_radii=&#8220;on|12px|12px|12px|12px&#8220; border_width_all=&#8220;1px&#8220; border_color_all=&#8220;#D6D6D6&#8243; box_shadow_style=&#8220;preset1&#8243; box_shadow_blur=&#8220;6px&#8220; global_colors_info=&#8220;{}&#8220; box_shadow_blur__hover=&#8220;18px&#8220; box_shadow_blur__hover_enabled=&#8220;on|hover&#8220;][et_pb_blurb title=&#8220;FAQ&#8220; use_icon=&#8220;on&#8220; font_icon=&#8220;&#xe064;||divi||400&#8243; icon_placement=&#8220;left&#8220; _builder_version=&#8220;4.24.2&#8243; _module_preset=&#8220;default&#8220; min_height=&#8220;100px&#8220; custom_padding=&#8220;14px|20px|14px|20px|false|false&#8220; animation=&#8220;off&#8220; link_option_url=&#8220;https:\/\/stg.rhinolands.com\/de\/support\/faqs\/&#8220; global_colors_info=&#8220;{}&#8220;]<p>Technische FAQs (H\u00e4ufig gestellte Fragen)<\/p>[\/et_pb_blurb][\/et_pb_column][et_pb_column type=&#8220;1_2&#8243; _builder_version=&#8220;4.24.2&#8243; _module_preset=&#8220;default&#8220; border_radii=&#8220;on|12px|12px|12px|12px&#8220; border_width_all=&#8220;1px&#8220; border_color_all=&#8220;#D6D6D6&#8243; box_shadow_style=&#8220;preset1&#8243; box_shadow_blur=&#8220;6px&#8220; global_colors_info=&#8220;{}&#8220; box_shadow_blur__hover=&#8220;18px&#8220; box_shadow_blur__hover_enabled=&#8220;on|hover&#8220;][et_pb_blurb title=&#8220;Tipps und Tricks&#8220; use_icon=&#8220;on&#8220; font_icon=&#8220;&#xf0eb;||fa||900&#8243; icon_placement=&#8220;left&#8220; _builder_version=&#8220;4.24.2&#8243; _module_preset=&#8220;default&#8220; min_height=&#8220;100px&#8220; custom_padding=&#8220;14px|20px|14px|20px|false|false&#8220; animation=&#8220;off&#8220; link_option_url=&#8220;https:\/\/stg.rhinolands.com\/de\/support\/tips\/&#8220; global_colors_info=&#8220;{}&#8220;]Tipps und Tricks f\u00fcr ein produktiveres Arbeiten mit RhinoLands[\/et_pb_blurb][\/et_pb_column][\/et_pb_row][et_pb_row _builder_version=&#8220;4.24.2&#8243; _module_preset=&#8220;default&#8220; global_colors_info=&#8220;{}&#8220;][et_pb_column type=&#8220;4_4&#8243; _builder_version=&#8220;4.24.2&#8243; _module_preset=&#8220;default&#8220; global_colors_info=&#8220;{}&#8220;][et_pb_text _builder_version=&#8220;4.24.2&#8243; _module_preset=&#8220;default&#8220; global_colors_info=&#8220;{}&#8220;]<p><strong>F\u00fcr technischen\/kommerziellen Support und Dienstleistungen in Ihrer Sprache setzen Sie sich mit Ihrem H\u00e4ndler in Verbindung.<\/strong><br \/>Sie k\u00f6nnen uns auch jederzeit per E-Mail oder Telefon kontaktieren, wenn Sie Fragen zu RhinoLands haben, oder wenn Sie uns einfach Ihre Ideen mitteilen und uns R\u00fcckmeldung geben m\u00f6chten, um das Programm zu verbessern. \u00dcber Ihr Feedback w\u00fcrde sich unser Team freuen!<\/p>\r\n\r\n<p><strong>Teilen Sie uns bitte mit, welche Version (Rhino oder AutoCAD) und auf welchem Betriebssystem Sie Lands Design ausf\u00fchren, wenn Sie sich per E-Mail an den Support wenden. Somit erleichtern Sie es uns, eine L\u00f6sung zu finden.<\/strong><\/p>[\/et_pb_text][\/et_pb_column][\/et_pb_row][et_pb_row column_structure=&#8220;1_2,1_2&#8243; _builder_version=&#8220;4.24.2&#8243; _module_preset=&#8220;default&#8220; width=&#8220;40%&#8220; global_colors_info=&#8220;{}&#8220;][et_pb_column type=&#8220;1_2&#8243; _builder_version=&#8220;4.24.2&#8243; _module_preset=&#8220;default&#8220; global_colors_info=&#8220;{}&#8220;][et_pb_blurb title=&#8220;E-Mail&#8220; use_icon=&#8220;on&#8220; font_icon=&#8220;&#xf0e0;||fa||900&#8243; icon_placement=&#8220;left&#8220; _builder_version=&#8220;4.27.0&#8243; _module_preset=&#8220;default&#8220; animation=&#8220;off&#8220; global_colors_info=&#8220;{}&#8220;]<p><span>rhinolands@asuni.com<\/span><\/p>[\/et_pb_blurb][\/et_pb_column][et_pb_column type=&#8220;1_2&#8243; _builder_version=&#8220;4.24.2&#8243; _module_preset=&#8220;default&#8220; global_colors_info=&#8220;{}&#8220;][et_pb_blurb title=&#8220;Telefon&#8220; use_icon=&#8220;on&#8220; font_icon=&#8220;&#xf879;||fa||900&#8243; icon_placement=&#8220;left&#8220; _builder_version=&#8220;4.24.2&#8243; _module_preset=&#8220;default&#8220; animation=&#8220;off&#8220; global_colors_info=&#8220;{}&#8220;]<p><span>+34 93 319 6868<\/span><\/p>[\/et_pb_blurb][\/et_pb_column][\/et_pb_row][\/et_pb_section]","protected":false},"excerpt":{"rendered":"<p>Hier finden Sie einige der verf\u00fcgbaren Support-Optionen:Hilfe mit allen Lands-Design-Befehlen und -Themen.Treten Sie der RhinoLands-Community bei, um L\u00f6sungen f\u00fcr die h\u00e4ufigsten Probleme zu finden und zu teilen.Technische FAQs (H\u00e4ufig gestellte Fragen)Tipps und Tricks f\u00fcr ein produktiveres Arbeiten mit RhinoLandsF\u00fcr technischen\/kommerziellen Support und Dienstleistungen in Ihrer Sprache setzen Sie sich mit Ihrem H\u00e4ndler in Verbindung.Sie k\u00f6nnen [&hellip;]<\/p>\n","protected":false},"author":1,"featured_media":0,"parent":0,"menu_order":60,"comment_status":"closed","ping_status":"closed","template":"","meta":{"_et_pb_use_builder":"on","_et_pb_old_content":"","_et_gb_content_width":"","footnotes":""},"class_list":["post-63869","page","type-page","status-publish","hentry"],"yoast_head":"<!-- This site is optimized with the Yoast SEO plugin v27.3 - https:\/\/yoast.com\/product\/yoast-seo-wordpress\/ -->\n<title>Support - RhinoLands<\/title>\n<meta name=\"description\" content=\"Suchen Sie in H\u00e4ufig gestellte Fragen (FAQs) und in Tipps und Tricks nach schnellen L\u00f6sungen. Treten Sie der Forum-Community f\u00fcr RhinoLands Forum bei. Wir bieten auch Support per E-Mail oder Telefon.\" \/>\n<meta name=\"robots\" content=\"noindex, follow, max-snippet:-1, max-image-preview:large, max-video-preview:-1\" \/>\n<meta property=\"og:locale\" content=\"de_DE\" \/>\n<meta property=\"og:type\" content=\"article\" \/>\n<meta property=\"og:title\" content=\"Support - RhinoLands\" \/>\n<meta property=\"og:description\" content=\"Suchen Sie in H\u00e4ufig gestellte Fragen (FAQs) und in Tipps und Tricks nach schnellen L\u00f6sungen. Treten Sie der Forum-Community f\u00fcr RhinoLands Forum bei. Wir bieten auch Support per E-Mail oder Telefon.\" \/>\n<meta property=\"og:url\" content=\"https:\/\/stg.rhinolands.com\/de\/support\/\" \/>\n<meta property=\"og:site_name\" content=\"RhinoLands\" \/>\n<meta property=\"article:modified_time\" content=\"2024-09-10T13:36:51+00:00\" \/>\n<meta name=\"twitter:card\" content=\"summary_large_image\" \/>\n<meta name=\"twitter:label1\" content=\"Gesch\u00e4tzte Lesezeit\" \/>\n\t<meta name=\"twitter:data1\" content=\"4\u00a0Minuten\" \/>\n<script type=\"application\/ld+json\" class=\"yoast-schema-graph\">{\"@context\":\"https:\\\/\\\/schema.org\",\"@graph\":[{\"@type\":\"WebPage\",\"@id\":\"https:\\\/\\\/stg.rhinolands.com\\\/de\\\/support\\\/\",\"url\":\"https:\\\/\\\/stg.rhinolands.com\\\/de\\\/support\\\/\",\"name\":\"Support - RhinoLands\",\"isPartOf\":{\"@id\":\"https:\\\/\\\/stg.rhinolands.com\\\/de\\\/#website\"},\"datePublished\":\"2020-03-04T16:48:50+00:00\",\"dateModified\":\"2024-09-10T13:36:51+00:00\",\"description\":\"Suchen Sie in H\u00e4ufig gestellte Fragen (FAQs) und in Tipps und Tricks nach schnellen L\u00f6sungen. Treten Sie der Forum-Community f\u00fcr RhinoLands Forum bei. Wir bieten auch Support per E-Mail oder Telefon.\",\"breadcrumb\":{\"@id\":\"https:\\\/\\\/stg.rhinolands.com\\\/de\\\/support\\\/#breadcrumb\"},\"inLanguage\":\"de\",\"potentialAction\":[{\"@type\":\"ReadAction\",\"target\":[\"https:\\\/\\\/stg.rhinolands.com\\\/de\\\/support\\\/\"]}]},{\"@type\":\"BreadcrumbList\",\"@id\":\"https:\\\/\\\/stg.rhinolands.com\\\/de\\\/support\\\/#breadcrumb\",\"itemListElement\":[{\"@type\":\"ListItem\",\"position\":1,\"name\":\"Home\",\"item\":\"https:\\\/\\\/stg.rhinolands.com\\\/de\\\/\"},{\"@type\":\"ListItem\",\"position\":2,\"name\":\"Support\"}]},{\"@type\":\"WebSite\",\"@id\":\"https:\\\/\\\/stg.rhinolands.com\\\/de\\\/#website\",\"url\":\"https:\\\/\\\/stg.rhinolands.com\\\/de\\\/\",\"name\":\"RhinoLands\",\"description\":\"BIM landscape software\",\"publisher\":{\"@id\":\"https:\\\/\\\/stg.rhinolands.com\\\/de\\\/#organization\"},\"potentialAction\":[{\"@type\":\"SearchAction\",\"target\":{\"@type\":\"EntryPoint\",\"urlTemplate\":\"https:\\\/\\\/stg.rhinolands.com\\\/de\\\/?s={search_term_string}\"},\"query-input\":{\"@type\":\"PropertyValueSpecification\",\"valueRequired\":true,\"valueName\":\"search_term_string\"}}],\"inLanguage\":\"de\"},{\"@type\":\"Organization\",\"@id\":\"https:\\\/\\\/stg.rhinolands.com\\\/de\\\/#organization\",\"name\":\"Asuni Soft\",\"url\":\"https:\\\/\\\/stg.rhinolands.com\\\/de\\\/\",\"logo\":{\"@type\":\"ImageObject\",\"inLanguage\":\"de\",\"@id\":\"https:\\\/\\\/stg.rhinolands.com\\\/de\\\/#\\\/schema\\\/logo\\\/image\\\/\",\"url\":\"https:\\\/\\\/stg.rhinolands.com\\\/wp-content\\\/uploads\\\/2020\\\/02\\\/AsuniLogoFinal-01.png\",\"contentUrl\":\"https:\\\/\\\/stg.rhinolands.com\\\/wp-content\\\/uploads\\\/2020\\\/02\\\/AsuniLogoFinal-01.png\",\"width\":151,\"height\":46,\"caption\":\"Asuni Soft\"},\"image\":{\"@id\":\"https:\\\/\\\/stg.rhinolands.com\\\/de\\\/#\\\/schema\\\/logo\\\/image\\\/\"}}]}<\/script>\n<!-- \/ Yoast SEO plugin. -->","yoast_head_json":{"title":"Support - RhinoLands","description":"Suchen Sie in H\u00e4ufig gestellte Fragen (FAQs) und in Tipps und Tricks nach schnellen L\u00f6sungen. Treten Sie der Forum-Community f\u00fcr RhinoLands Forum bei. Wir bieten auch Support per E-Mail oder Telefon.","robots":{"index":"noindex","follow":"follow","max-snippet":"max-snippet:-1","max-image-preview":"max-image-preview:large","max-video-preview":"max-video-preview:-1"},"og_locale":"de_DE","og_type":"article","og_title":"Support - RhinoLands","og_description":"Suchen Sie in H\u00e4ufig gestellte Fragen (FAQs) und in Tipps und Tricks nach schnellen L\u00f6sungen. Treten Sie der Forum-Community f\u00fcr RhinoLands Forum bei. Wir bieten auch Support per E-Mail oder Telefon.","og_url":"https:\/\/stg.rhinolands.com\/de\/support\/","og_site_name":"RhinoLands","article_modified_time":"2024-09-10T13:36:51+00:00","twitter_card":"summary_large_image","twitter_misc":{"Gesch\u00e4tzte Lesezeit":"4\u00a0Minuten"},"schema":{"@context":"https:\/\/schema.org","@graph":[{"@type":"WebPage","@id":"https:\/\/stg.rhinolands.com\/de\/support\/","url":"https:\/\/stg.rhinolands.com\/de\/support\/","name":"Support - RhinoLands","isPartOf":{"@id":"https:\/\/stg.rhinolands.com\/de\/#website"},"datePublished":"2020-03-04T16:48:50+00:00","dateModified":"2024-09-10T13:36:51+00:00","description":"Suchen Sie in H\u00e4ufig gestellte Fragen (FAQs) und in Tipps und Tricks nach schnellen L\u00f6sungen. Treten Sie der Forum-Community f\u00fcr RhinoLands Forum bei. Wir bieten auch Support per E-Mail oder Telefon.","breadcrumb":{"@id":"https:\/\/stg.rhinolands.com\/de\/support\/#breadcrumb"},"inLanguage":"de","potentialAction":[{"@type":"ReadAction","target":["https:\/\/stg.rhinolands.com\/de\/support\/"]}]},{"@type":"BreadcrumbList","@id":"https:\/\/stg.rhinolands.com\/de\/support\/#breadcrumb","itemListElement":[{"@type":"ListItem","position":1,"name":"Home","item":"https:\/\/stg.rhinolands.com\/de\/"},{"@type":"ListItem","position":2,"name":"Support"}]},{"@type":"WebSite","@id":"https:\/\/stg.rhinolands.com\/de\/#website","url":"https:\/\/stg.rhinolands.com\/de\/","name":"RhinoLands","description":"BIM landscape software","publisher":{"@id":"https:\/\/stg.rhinolands.com\/de\/#organization"},"potentialAction":[{"@type":"SearchAction","target":{"@type":"EntryPoint","urlTemplate":"https:\/\/stg.rhinolands.com\/de\/?s={search_term_string}"},"query-input":{"@type":"PropertyValueSpecification","valueRequired":true,"valueName":"search_term_string"}}],"inLanguage":"de"},{"@type":"Organization","@id":"https:\/\/stg.rhinolands.com\/de\/#organization","name":"Asuni Soft","url":"https:\/\/stg.rhinolands.com\/de\/","logo":{"@type":"ImageObject","inLanguage":"de","@id":"https:\/\/stg.rhinolands.com\/de\/#\/schema\/logo\/image\/","url":"https:\/\/stg.rhinolands.com\/wp-content\/uploads\/2020\/02\/AsuniLogoFinal-01.png","contentUrl":"https:\/\/stg.rhinolands.com\/wp-content\/uploads\/2020\/02\/AsuniLogoFinal-01.png","width":151,"height":46,"caption":"Asuni Soft"},"image":{"@id":"https:\/\/stg.rhinolands.com\/de\/#\/schema\/logo\/image\/"}}]}},"_links":{"self":[{"href":"https:\/\/stg.rhinolands.com\/de\/wp-json\/wp\/v2\/pages\/63869","targetHints":{"allow":["GET"]}}],"collection":[{"href":"https:\/\/stg.rhinolands.com\/de\/wp-json\/wp\/v2\/pages"}],"about":[{"href":"https:\/\/stg.rhinolands.com\/de\/wp-json\/wp\/v2\/types\/page"}],"author":[{"embeddable":true,"href":"https:\/\/stg.rhinolands.com\/de\/wp-json\/wp\/v2\/users\/1"}],"replies":[{"embeddable":true,"href":"https:\/\/stg.rhinolands.com\/de\/wp-json\/wp\/v2\/comments?post=63869"}],"version-history":[{"count":3,"href":"https:\/\/stg.rhinolands.com\/de\/wp-json\/wp\/v2\/pages\/63869\/revisions"}],"predecessor-version":[{"id":83074,"href":"https:\/\/stg.rhinolands.com\/de\/wp-json\/wp\/v2\/pages\/63869\/revisions\/83074"}],"wp:attachment":[{"href":"https:\/\/stg.rhinolands.com\/de\/wp-json\/wp\/v2\/media?parent=63869"}],"curies":[{"name":"wp","href":"https:\/\/api.w.org\/{rel}","templated":true}]}}