{"id":60240,"date":"2020-02-18T16:13:25","date_gmt":"2020-02-18T16:13:25","guid":{"rendered":"https:\/\/stg.rhinolands.com\/aviso-legal\/"},"modified":"2020-02-24T13:35:46","modified_gmt":"2020-02-24T13:35:46","slug":"legal-notice","status":"publish","type":"page","link":"https:\/\/stg.rhinolands.com\/es\/legal\/legal-notice\/","title":{"rendered":"Aviso legal"},"content":{"rendered":"<p><strong>AVISO LEGAL<\/strong><br \/> El acceso a este sitio web es totalmente voluntario y atribuye a quien lo realiza la condici\u00f3n de usuario, aceptando, desde ese mismo momento, plenamente y sin reserva alguna las presentes Condiciones Generales.<br \/> El usuario asume, conoce y acepta, al visitar la p\u00e1gina, que los datos e informaciones sobre productos o servicios, y cualesquiera otros datos e informaciones contenidos en las mismas, aparecen \u00fanica y exclusivamente a efectos informativos, y en todo momento pueden contener errores, imprecisiones o no estar actualizados.<br \/> Asuni CAD, S.A. (en adelante Asuni) se reserva el derecho de suspender temporalmente, o anular definitivamente, sin necesidad de previo aviso, la accesibilidad de sus p\u00e1ginas web en funci\u00f3n de la necesidad de efectuar operaciones de mantenimiento, reparaci\u00f3n, actualizaci\u00f3n o mejora. Asimismo, se reserva el derecho unilateral de modificar las condiciones de acceso a las mismas y a sus contenidos.<\/p>\n<p><strong>LIMITACI\u00d3N DE RESPONSABILIDAD<\/strong><br \/> Asuni no garantiza el correcto funcionamiento de la p\u00e1gina, o informaci\u00f3n, software, materiales o productos contenidos en ella en la medida en que lo permita la legislaci\u00f3n.<br \/> Tanto el acceso como el uso de la p\u00e1gina y de la informaci\u00f3n en ella contenida, es exclusiva responsabilidad de quien lo utiliza. Asuni no se hace responsable de los da\u00f1os y perjuicios, directos o indirectos, que pudieran derivarse de la interrupci\u00f3n o falta de continuidad de la p\u00e1gina web, del acceso y uso de la informaci\u00f3n que contiene, ni de los posibles da\u00f1os que puedan causarse al sistema inform\u00e1tico del usuario, ficheros o documentos almacenados en el mismo, consecuencia de la presencia de virus en el ordenador del usuario utilizado para la conexi\u00f3n, del mal funcionamiento del navegador o del uso de versiones no actualizadas del mismo.<\/p>\n<p><strong>PROPIEDAD INTELECTUAL E INDUSTRIAL<\/strong><br \/> El usuario se compromete a utilizar la p\u00e1gina web y sus contenidos sin contravenir la legislaci\u00f3n vigente ni el principio de buena fe. Asimismo queda prohibido su uso con fines il\u00edcitos o lesivos contra Asuni o cualquier tercero, o que, de cualquier forma, puedan causar perjuicio o impedir el normal funcionamiento de la p\u00e1gina web.<br \/> El contenido de la p\u00e1gina web (fichas, textos, gr\u00e1ficos, archivos de sonido, im\u00e1genes, fotograf\u00edas, etc&#8230;), est\u00e1 protegidos por las leyes espa\u00f1olas y tratados internacionales sobre propiedad intelectual e industrial. En ning\u00fan caso el suministro de contenidos o el acceso a dicha p\u00e1gina implica renuncia, transmisi\u00f3n o cesi\u00f3n total o parcial de dichos derechos, ni confiere derecho alguno a la utilizaci\u00f3n, alteraci\u00f3n, explotaci\u00f3n, reproducci\u00f3n, distribuci\u00f3n, transformaci\u00f3n o comunicaci\u00f3n p\u00fablica sobre dichos contenidos sin previa y expresa autorizaci\u00f3n de Asuni.<\/p>\n<p>Se permite el derecho de visualizar y obtener una copia privada de seguridad de tales contenidos siempre que: (i) este derecho se ejercite seg\u00fan el principio de la buena fe, (ii) en todo caso, el contenido se mantenga inalterado, (iii) en la eventual copia privada de seguridad aparezca el \u201ccopyright\u201d y dem\u00e1s datos identificativos de los derechos de Asuni, y (iv) se realice sin fines comerciales y exclusivamente para informaci\u00f3n personal del usuario. \u00a9 Asuni CAD, S.A., 2020. Todos los derechos reservados<\/p>","protected":false},"excerpt":{"rendered":"<p>AVISO LEGAL El acceso a este sitio web es totalmente voluntario y atribuye a quien lo realiza la condici\u00f3n de usuario, aceptando, desde ese mismo momento, plenamente y sin reserva alguna las presentes Condiciones Generales. El usuario asume, conoce y acepta, al visitar la p\u00e1gina, que los datos e informaciones sobre productos o servicios, y [&hellip;]<\/p>\n","protected":false},"author":1,"featured_media":0,"parent":60249,"menu_order":120,"comment_status":"closed","ping_status":"closed","template":"","meta":{"_et_pb_use_builder":"","_et_pb_old_content":"","_et_gb_content_width":"","footnotes":""},"class_list":["post-60240","page","type-page","status-publish","hentry"],"yoast_head":"<!-- This site is optimized with the Yoast SEO plugin v27.5 - https:\/\/yoast.com\/product\/yoast-seo-wordpress\/ -->\n<title>Aviso legal - RhinoLands<\/title>\n<meta name=\"robots\" content=\"noindex, follow, max-snippet:-1, max-image-preview:large, max-video-preview:-1\" \/>\n<meta property=\"og:locale\" content=\"es_ES\" \/>\n<meta property=\"og:type\" content=\"article\" \/>\n<meta property=\"og:title\" content=\"Aviso legal - RhinoLands\" \/>\n<meta property=\"og:description\" content=\"AVISO LEGAL El acceso a este sitio web es totalmente voluntario y atribuye a quien lo realiza la condici\u00f3n de usuario, aceptando, desde ese mismo momento, plenamente y sin reserva alguna las presentes Condiciones Generales. El usuario asume, conoce y acepta, al visitar la p\u00e1gina, que los datos e informaciones sobre productos o servicios, y [&hellip;]\" \/>\n<meta property=\"og:url\" content=\"https:\/\/stg.rhinolands.com\/es\/legal\/legal-notice\/\" \/>\n<meta property=\"og:site_name\" content=\"RhinoLands\" \/>\n<meta property=\"article:modified_time\" content=\"2020-02-24T13:35:46+00:00\" \/>\n<meta name=\"twitter:card\" content=\"summary_large_image\" \/>\n<meta name=\"twitter:label1\" content=\"Tiempo de lectura\" \/>\n\t<meta name=\"twitter:data1\" content=\"3 minutos\" \/>\n<script type=\"application\/ld+json\" class=\"yoast-schema-graph\">{\"@context\":\"https:\\\/\\\/schema.org\",\"@graph\":[{\"@type\":\"WebPage\",\"@id\":\"https:\\\/\\\/stg.rhinolands.com\\\/es\\\/legal\\\/legal-notice\\\/\",\"url\":\"https:\\\/\\\/stg.rhinolands.com\\\/es\\\/legal\\\/legal-notice\\\/\",\"name\":\"Aviso legal - RhinoLands\",\"isPartOf\":{\"@id\":\"https:\\\/\\\/stg.rhinolands.com\\\/es\\\/#website\"},\"datePublished\":\"2020-02-18T16:13:25+00:00\",\"dateModified\":\"2020-02-24T13:35:46+00:00\",\"breadcrumb\":{\"@id\":\"https:\\\/\\\/stg.rhinolands.com\\\/es\\\/legal\\\/legal-notice\\\/#breadcrumb\"},\"inLanguage\":\"es\",\"potentialAction\":[{\"@type\":\"ReadAction\",\"target\":[\"https:\\\/\\\/stg.rhinolands.com\\\/es\\\/legal\\\/legal-notice\\\/\"]}]},{\"@type\":\"BreadcrumbList\",\"@id\":\"https:\\\/\\\/stg.rhinolands.com\\\/es\\\/legal\\\/legal-notice\\\/#breadcrumb\",\"itemListElement\":[{\"@type\":\"ListItem\",\"position\":1,\"name\":\"Home\",\"item\":\"https:\\\/\\\/stg.rhinolands.com\\\/es\\\/\"},{\"@type\":\"ListItem\",\"position\":2,\"name\":\"Informaci\u00f3n legal\",\"item\":\"https:\\\/\\\/stg.rhinolands.com\\\/es\\\/legal\\\/\"},{\"@type\":\"ListItem\",\"position\":3,\"name\":\"Aviso legal\"}]},{\"@type\":\"WebSite\",\"@id\":\"https:\\\/\\\/stg.rhinolands.com\\\/es\\\/#website\",\"url\":\"https:\\\/\\\/stg.rhinolands.com\\\/es\\\/\",\"name\":\"RhinoLands\",\"description\":\"BIM landscape software\",\"publisher\":{\"@id\":\"https:\\\/\\\/stg.rhinolands.com\\\/es\\\/#organization\"},\"potentialAction\":[{\"@type\":\"SearchAction\",\"target\":{\"@type\":\"EntryPoint\",\"urlTemplate\":\"https:\\\/\\\/stg.rhinolands.com\\\/es\\\/?s={search_term_string}\"},\"query-input\":{\"@type\":\"PropertyValueSpecification\",\"valueRequired\":true,\"valueName\":\"search_term_string\"}}],\"inLanguage\":\"es\"},{\"@type\":\"Organization\",\"@id\":\"https:\\\/\\\/stg.rhinolands.com\\\/es\\\/#organization\",\"name\":\"Asuni Soft\",\"url\":\"https:\\\/\\\/stg.rhinolands.com\\\/es\\\/\",\"logo\":{\"@type\":\"ImageObject\",\"inLanguage\":\"es\",\"@id\":\"https:\\\/\\\/stg.rhinolands.com\\\/es\\\/#\\\/schema\\\/logo\\\/image\\\/\",\"url\":\"https:\\\/\\\/stg.rhinolands.com\\\/wp-content\\\/uploads\\\/2020\\\/02\\\/AsuniLogoFinal-01.png\",\"contentUrl\":\"https:\\\/\\\/stg.rhinolands.com\\\/wp-content\\\/uploads\\\/2020\\\/02\\\/AsuniLogoFinal-01.png\",\"width\":151,\"height\":46,\"caption\":\"Asuni Soft\"},\"image\":{\"@id\":\"https:\\\/\\\/stg.rhinolands.com\\\/es\\\/#\\\/schema\\\/logo\\\/image\\\/\"}}]}<\/script>\n<!-- \/ Yoast SEO plugin. -->","yoast_head_json":{"title":"Aviso legal - RhinoLands","robots":{"index":"noindex","follow":"follow","max-snippet":"max-snippet:-1","max-image-preview":"max-image-preview:large","max-video-preview":"max-video-preview:-1"},"og_locale":"es_ES","og_type":"article","og_title":"Aviso legal - RhinoLands","og_description":"AVISO LEGAL El acceso a este sitio web es totalmente voluntario y atribuye a quien lo realiza la condici\u00f3n de usuario, aceptando, desde ese mismo momento, plenamente y sin reserva alguna las presentes Condiciones Generales. El usuario asume, conoce y acepta, al visitar la p\u00e1gina, que los datos e informaciones sobre productos o servicios, y [&hellip;]","og_url":"https:\/\/stg.rhinolands.com\/es\/legal\/legal-notice\/","og_site_name":"RhinoLands","article_modified_time":"2020-02-24T13:35:46+00:00","twitter_card":"summary_large_image","twitter_misc":{"Tiempo de lectura":"3 minutos"},"schema":{"@context":"https:\/\/schema.org","@graph":[{"@type":"WebPage","@id":"https:\/\/stg.rhinolands.com\/es\/legal\/legal-notice\/","url":"https:\/\/stg.rhinolands.com\/es\/legal\/legal-notice\/","name":"Aviso legal - RhinoLands","isPartOf":{"@id":"https:\/\/stg.rhinolands.com\/es\/#website"},"datePublished":"2020-02-18T16:13:25+00:00","dateModified":"2020-02-24T13:35:46+00:00","breadcrumb":{"@id":"https:\/\/stg.rhinolands.com\/es\/legal\/legal-notice\/#breadcrumb"},"inLanguage":"es","potentialAction":[{"@type":"ReadAction","target":["https:\/\/stg.rhinolands.com\/es\/legal\/legal-notice\/"]}]},{"@type":"BreadcrumbList","@id":"https:\/\/stg.rhinolands.com\/es\/legal\/legal-notice\/#breadcrumb","itemListElement":[{"@type":"ListItem","position":1,"name":"Home","item":"https:\/\/stg.rhinolands.com\/es\/"},{"@type":"ListItem","position":2,"name":"Informaci\u00f3n legal","item":"https:\/\/stg.rhinolands.com\/es\/legal\/"},{"@type":"ListItem","position":3,"name":"Aviso legal"}]},{"@type":"WebSite","@id":"https:\/\/stg.rhinolands.com\/es\/#website","url":"https:\/\/stg.rhinolands.com\/es\/","name":"RhinoLands","description":"BIM landscape software","publisher":{"@id":"https:\/\/stg.rhinolands.com\/es\/#organization"},"potentialAction":[{"@type":"SearchAction","target":{"@type":"EntryPoint","urlTemplate":"https:\/\/stg.rhinolands.com\/es\/?s={search_term_string}"},"query-input":{"@type":"PropertyValueSpecification","valueRequired":true,"valueName":"search_term_string"}}],"inLanguage":"es"},{"@type":"Organization","@id":"https:\/\/stg.rhinolands.com\/es\/#organization","name":"Asuni Soft","url":"https:\/\/stg.rhinolands.com\/es\/","logo":{"@type":"ImageObject","inLanguage":"es","@id":"https:\/\/stg.rhinolands.com\/es\/#\/schema\/logo\/image\/","url":"https:\/\/stg.rhinolands.com\/wp-content\/uploads\/2020\/02\/AsuniLogoFinal-01.png","contentUrl":"https:\/\/stg.rhinolands.com\/wp-content\/uploads\/2020\/02\/AsuniLogoFinal-01.png","width":151,"height":46,"caption":"Asuni Soft"},"image":{"@id":"https:\/\/stg.rhinolands.com\/es\/#\/schema\/logo\/image\/"}}]}},"_links":{"self":[{"href":"https:\/\/stg.rhinolands.com\/es\/wp-json\/wp\/v2\/pages\/60240","targetHints":{"allow":["GET"]}}],"collection":[{"href":"https:\/\/stg.rhinolands.com\/es\/wp-json\/wp\/v2\/pages"}],"about":[{"href":"https:\/\/stg.rhinolands.com\/es\/wp-json\/wp\/v2\/types\/page"}],"author":[{"embeddable":true,"href":"https:\/\/stg.rhinolands.com\/es\/wp-json\/wp\/v2\/users\/1"}],"replies":[{"embeddable":true,"href":"https:\/\/stg.rhinolands.com\/es\/wp-json\/wp\/v2\/comments?post=60240"}],"version-history":[{"count":0,"href":"https:\/\/stg.rhinolands.com\/es\/wp-json\/wp\/v2\/pages\/60240\/revisions"}],"up":[{"embeddable":true,"href":"https:\/\/stg.rhinolands.com\/es\/wp-json\/wp\/v2\/pages\/60249"}],"wp:attachment":[{"href":"https:\/\/stg.rhinolands.com\/es\/wp-json\/wp\/v2\/media?parent=60240"}],"curies":[{"name":"wp","href":"https:\/\/api.w.org\/{rel}","templated":true}]}}