{"id":74492,"date":"2023-06-22T14:00:09","date_gmt":"2023-06-22T12:00:09","guid":{"rendered":"https:\/\/stg.rhinolands.com\/blog\/"},"modified":"2024-04-09T17:07:33","modified_gmt":"2024-04-09T15:07:33","slug":"blog","status":"publish","type":"page","link":"https:\/\/stg.rhinolands.com\/es\/blog\/","title":{"rendered":"Blog"},"content":{"rendered":"[et_pb_section fb_built=\u00bb1&#8243; _builder_version=\u00bb4.20.4&#8243; _module_preset=\u00bbdefault\u00bb da_disable_devices=\u00bboff|off|off\u00bb global_colors_info=\u00bb{}\u00bb da_is_popup=\u00bboff\u00bb da_exit_intent=\u00bboff\u00bb da_has_close=\u00bbon\u00bb da_alt_close=\u00bboff\u00bb da_dark_close=\u00bboff\u00bb da_not_modal=\u00bbon\u00bb da_is_singular=\u00bboff\u00bb da_with_loader=\u00bboff\u00bb da_has_shadow=\u00bbon\u00bb][et_pb_row _builder_version=\u00bb4.20.4&#8243; _module_preset=\u00bbdefault\u00bb custom_margin=\u00bb||0px||false|false\u00bb global_colors_info=\u00bb{}\u00bb][et_pb_column type=\u00bb4_4&#8243; _builder_version=\u00bb4.20.4&#8243; _module_preset=\u00bbdefault\u00bb global_colors_info=\u00bb{}\u00bb][et_pb_blog posts_number=\u00bb2&#8243; include_categories=\u00bb2024,2027,2055,2028,2201,2164,2050,2029,2025,2026,1&#8243; excerpt_length=\u00bb240&#8243; show_pagination=\u00bboff\u00bb admin_label=\u00bbNoticia actual\u00bb _builder_version=\u00bb4.24.2&#8243; _module_preset=\u00bbdefault\u00bb header_level=\u00bbh1&#8243; header_font=\u00bb|700|||||||\u00bb hover_enabled=\u00bb0&#8243; custom_css_read_more=\u00bbclear: none;||padding-top: 0.6rem;\u00bb global_colors_info=\u00bb{}\u00bb custom_css_featured_image_last_edited=\u00bbon|phone\u00bb custom_css_free_form=\u00bb@media (min-width: 900px) { ||  selector img {||    width: 400px;||    max-width: 400px;||    float: left;||    margin-right: 2rem; ||  }||}\u00bb sticky_enabled=\u00bb0&#8243;][\/et_pb_blog][et_pb_button button_url=\u00bbhttps:\/\/stg.rhinolands.com\/es\/newsletter\/\u00bb button_text=\u00bbSuscr\u00edbase a nuestro bolet\u00edn de noticias\u00bb button_alignment=\u00bbcenter\u00bb _builder_version=\u00bb4.24.2&#8243; _module_preset=\u00bbdefault\u00bb global_colors_info=\u00bb{}\u00bb][\/et_pb_button][et_pb_text _builder_version=\u00bb4.20.4&#8243; _module_preset=\u00bbdefault\u00bb global_colors_info=\u00bb{}\u00bb]<h1>M\u00e1s noticias:<\/h1>[\/et_pb_text][et_pb_sidebar area=\u00bbet_pb_widget_area_1&#8243; show_border=\u00bboff\u00bb _builder_version=\u00bb4.20.4&#8243; _module_preset=\u00bbdefault\u00bb global_colors_info=\u00bb{}\u00bb][\/et_pb_sidebar][et_pb_blog fullwidth=\u00bboff\u00bb posts_number=\u00bb100&#8243; include_categories=\u00bb2024,2027,2055,2028,2201,2164,2050,2029,2025,2026,1,all\u00bb excerpt_length=\u00bb240&#8243; show_pagination=\u00bboff\u00bb offset_number=\u00bb2&#8243; module_class=\u00bbgrid_pagina_blog\u00bb _builder_version=\u00bb4.24.2&#8243; _module_preset=\u00bbdefault\u00bb header_font=\u00bb|700|||||||\u00bb custom_css_featured_image=\u00bbwidth: 100%;||max-width: 280px;||float: left;||margin-right: 2rem;\u00bb custom_css_read_more=\u00bbclear: none;||padding-top: 0.6rem;\u00bb border_width_all=\u00bb0px\u00bb global_colors_info=\u00bb{}\u00bb][\/et_pb_blog][\/et_pb_column][\/et_pb_row][\/et_pb_section]","protected":false},"excerpt":{"rendered":"<p>M\u00e1s noticias:<\/p>\n","protected":false},"author":1,"featured_media":67590,"parent":0,"menu_order":7,"comment_status":"closed","ping_status":"closed","template":"","meta":{"_et_pb_use_builder":"on","_et_pb_old_content":"","_et_gb_content_width":"","footnotes":""},"class_list":["post-74492","page","type-page","status-publish","has-post-thumbnail","hentry"],"yoast_head":"<!-- This site is optimized with the Yoast SEO plugin v27.3 - https:\/\/yoast.com\/product\/yoast-seo-wordpress\/ -->\n<title>Blog - RhinoLands<\/title>\n<meta name=\"description\" content=\"En el blog de Lands Design encontrar\u00e1 art\u00edculos relacionados con este software de paisajismo, incluidos eventos, nuevas versiones y mucho m\u00e1s.\" \/>\n<meta name=\"robots\" content=\"noindex, follow, max-snippet:-1, max-image-preview:large, max-video-preview:-1\" \/>\n<meta property=\"og:locale\" content=\"es_ES\" \/>\n<meta property=\"og:type\" content=\"article\" \/>\n<meta property=\"og:title\" content=\"Blog - RhinoLands\" \/>\n<meta property=\"og:description\" content=\"En el blog de Lands Design encontrar\u00e1 art\u00edculos relacionados con este software de paisajismo, incluidos eventos, nuevas versiones y mucho m\u00e1s.\" \/>\n<meta property=\"og:url\" content=\"https:\/\/stg.rhinolands.com\/es\/blog\/\" \/>\n<meta property=\"og:site_name\" content=\"RhinoLands\" \/>\n<meta property=\"article:modified_time\" content=\"2024-04-09T15:07:33+00:00\" \/>\n<meta property=\"og:image\" content=\"https:\/\/stg.rhinolands.com\/wp-content\/uploads\/2020\/11\/Lands_Design_blog.png\" \/>\n\t<meta property=\"og:image:width\" content=\"330\" \/>\n\t<meta property=\"og:image:height\" content=\"330\" \/>\n\t<meta property=\"og:image:type\" content=\"image\/png\" \/>\n<meta name=\"twitter:card\" content=\"summary_large_image\" \/>\n<meta name=\"twitter:label1\" content=\"Tiempo de lectura\" \/>\n\t<meta name=\"twitter:data1\" content=\"37 minutos\" \/>\n<script type=\"application\/ld+json\" class=\"yoast-schema-graph\">{\"@context\":\"https:\\\/\\\/schema.org\",\"@graph\":[{\"@type\":\"WebPage\",\"@id\":\"https:\\\/\\\/stg.rhinolands.com\\\/es\\\/blog\\\/\",\"url\":\"https:\\\/\\\/stg.rhinolands.com\\\/es\\\/blog\\\/\",\"name\":\"Blog - RhinoLands\",\"isPartOf\":{\"@id\":\"https:\\\/\\\/stg.rhinolands.com\\\/es\\\/#website\"},\"primaryImageOfPage\":{\"@id\":\"https:\\\/\\\/stg.rhinolands.com\\\/es\\\/blog\\\/#primaryimage\"},\"image\":{\"@id\":\"https:\\\/\\\/stg.rhinolands.com\\\/es\\\/blog\\\/#primaryimage\"},\"thumbnailUrl\":\"https:\\\/\\\/stg.rhinolands.com\\\/wp-content\\\/uploads\\\/2020\\\/11\\\/Lands_Design_blog.png\",\"datePublished\":\"2023-06-22T12:00:09+00:00\",\"dateModified\":\"2024-04-09T15:07:33+00:00\",\"description\":\"En el blog de Lands Design encontrar\u00e1 art\u00edculos relacionados con este software de paisajismo, incluidos eventos, nuevas versiones y mucho m\u00e1s.\",\"breadcrumb\":{\"@id\":\"https:\\\/\\\/stg.rhinolands.com\\\/es\\\/blog\\\/#breadcrumb\"},\"inLanguage\":\"es\",\"potentialAction\":[{\"@type\":\"ReadAction\",\"target\":[\"https:\\\/\\\/stg.rhinolands.com\\\/es\\\/blog\\\/\"]}]},{\"@type\":\"ImageObject\",\"inLanguage\":\"es\",\"@id\":\"https:\\\/\\\/stg.rhinolands.com\\\/es\\\/blog\\\/#primaryimage\",\"url\":\"https:\\\/\\\/stg.rhinolands.com\\\/wp-content\\\/uploads\\\/2020\\\/11\\\/Lands_Design_blog.png\",\"contentUrl\":\"https:\\\/\\\/stg.rhinolands.com\\\/wp-content\\\/uploads\\\/2020\\\/11\\\/Lands_Design_blog.png\",\"width\":330,\"height\":330},{\"@type\":\"BreadcrumbList\",\"@id\":\"https:\\\/\\\/stg.rhinolands.com\\\/es\\\/blog\\\/#breadcrumb\",\"itemListElement\":[{\"@type\":\"ListItem\",\"position\":1,\"name\":\"Home\",\"item\":\"https:\\\/\\\/stg.rhinolands.com\\\/es\\\/\"},{\"@type\":\"ListItem\",\"position\":2,\"name\":\"Blog\"}]},{\"@type\":\"WebSite\",\"@id\":\"https:\\\/\\\/stg.rhinolands.com\\\/es\\\/#website\",\"url\":\"https:\\\/\\\/stg.rhinolands.com\\\/es\\\/\",\"name\":\"RhinoLands\",\"description\":\"BIM landscape software\",\"publisher\":{\"@id\":\"https:\\\/\\\/stg.rhinolands.com\\\/es\\\/#organization\"},\"potentialAction\":[{\"@type\":\"SearchAction\",\"target\":{\"@type\":\"EntryPoint\",\"urlTemplate\":\"https:\\\/\\\/stg.rhinolands.com\\\/es\\\/?s={search_term_string}\"},\"query-input\":{\"@type\":\"PropertyValueSpecification\",\"valueRequired\":true,\"valueName\":\"search_term_string\"}}],\"inLanguage\":\"es\"},{\"@type\":\"Organization\",\"@id\":\"https:\\\/\\\/stg.rhinolands.com\\\/es\\\/#organization\",\"name\":\"Asuni Soft\",\"url\":\"https:\\\/\\\/stg.rhinolands.com\\\/es\\\/\",\"logo\":{\"@type\":\"ImageObject\",\"inLanguage\":\"es\",\"@id\":\"https:\\\/\\\/stg.rhinolands.com\\\/es\\\/#\\\/schema\\\/logo\\\/image\\\/\",\"url\":\"https:\\\/\\\/stg.rhinolands.com\\\/wp-content\\\/uploads\\\/2020\\\/02\\\/AsuniLogoFinal-01.png\",\"contentUrl\":\"https:\\\/\\\/stg.rhinolands.com\\\/wp-content\\\/uploads\\\/2020\\\/02\\\/AsuniLogoFinal-01.png\",\"width\":151,\"height\":46,\"caption\":\"Asuni Soft\"},\"image\":{\"@id\":\"https:\\\/\\\/stg.rhinolands.com\\\/es\\\/#\\\/schema\\\/logo\\\/image\\\/\"}}]}<\/script>\n<!-- \/ Yoast SEO plugin. -->","yoast_head_json":{"title":"Blog - RhinoLands","description":"En el blog de Lands Design encontrar\u00e1 art\u00edculos relacionados con este software de paisajismo, incluidos eventos, nuevas versiones y mucho m\u00e1s.","robots":{"index":"noindex","follow":"follow","max-snippet":"max-snippet:-1","max-image-preview":"max-image-preview:large","max-video-preview":"max-video-preview:-1"},"og_locale":"es_ES","og_type":"article","og_title":"Blog - RhinoLands","og_description":"En el blog de Lands Design encontrar\u00e1 art\u00edculos relacionados con este software de paisajismo, incluidos eventos, nuevas versiones y mucho m\u00e1s.","og_url":"https:\/\/stg.rhinolands.com\/es\/blog\/","og_site_name":"RhinoLands","article_modified_time":"2024-04-09T15:07:33+00:00","og_image":[{"width":330,"height":330,"url":"https:\/\/stg.rhinolands.com\/wp-content\/uploads\/2020\/11\/Lands_Design_blog.png","type":"image\/png"}],"twitter_card":"summary_large_image","twitter_misc":{"Tiempo de lectura":"37 minutos"},"schema":{"@context":"https:\/\/schema.org","@graph":[{"@type":"WebPage","@id":"https:\/\/stg.rhinolands.com\/es\/blog\/","url":"https:\/\/stg.rhinolands.com\/es\/blog\/","name":"Blog - RhinoLands","isPartOf":{"@id":"https:\/\/stg.rhinolands.com\/es\/#website"},"primaryImageOfPage":{"@id":"https:\/\/stg.rhinolands.com\/es\/blog\/#primaryimage"},"image":{"@id":"https:\/\/stg.rhinolands.com\/es\/blog\/#primaryimage"},"thumbnailUrl":"https:\/\/stg.rhinolands.com\/wp-content\/uploads\/2020\/11\/Lands_Design_blog.png","datePublished":"2023-06-22T12:00:09+00:00","dateModified":"2024-04-09T15:07:33+00:00","description":"En el blog de Lands Design encontrar\u00e1 art\u00edculos relacionados con este software de paisajismo, incluidos eventos, nuevas versiones y mucho m\u00e1s.","breadcrumb":{"@id":"https:\/\/stg.rhinolands.com\/es\/blog\/#breadcrumb"},"inLanguage":"es","potentialAction":[{"@type":"ReadAction","target":["https:\/\/stg.rhinolands.com\/es\/blog\/"]}]},{"@type":"ImageObject","inLanguage":"es","@id":"https:\/\/stg.rhinolands.com\/es\/blog\/#primaryimage","url":"https:\/\/stg.rhinolands.com\/wp-content\/uploads\/2020\/11\/Lands_Design_blog.png","contentUrl":"https:\/\/stg.rhinolands.com\/wp-content\/uploads\/2020\/11\/Lands_Design_blog.png","width":330,"height":330},{"@type":"BreadcrumbList","@id":"https:\/\/stg.rhinolands.com\/es\/blog\/#breadcrumb","itemListElement":[{"@type":"ListItem","position":1,"name":"Home","item":"https:\/\/stg.rhinolands.com\/es\/"},{"@type":"ListItem","position":2,"name":"Blog"}]},{"@type":"WebSite","@id":"https:\/\/stg.rhinolands.com\/es\/#website","url":"https:\/\/stg.rhinolands.com\/es\/","name":"RhinoLands","description":"BIM landscape software","publisher":{"@id":"https:\/\/stg.rhinolands.com\/es\/#organization"},"potentialAction":[{"@type":"SearchAction","target":{"@type":"EntryPoint","urlTemplate":"https:\/\/stg.rhinolands.com\/es\/?s={search_term_string}"},"query-input":{"@type":"PropertyValueSpecification","valueRequired":true,"valueName":"search_term_string"}}],"inLanguage":"es"},{"@type":"Organization","@id":"https:\/\/stg.rhinolands.com\/es\/#organization","name":"Asuni Soft","url":"https:\/\/stg.rhinolands.com\/es\/","logo":{"@type":"ImageObject","inLanguage":"es","@id":"https:\/\/stg.rhinolands.com\/es\/#\/schema\/logo\/image\/","url":"https:\/\/stg.rhinolands.com\/wp-content\/uploads\/2020\/02\/AsuniLogoFinal-01.png","contentUrl":"https:\/\/stg.rhinolands.com\/wp-content\/uploads\/2020\/02\/AsuniLogoFinal-01.png","width":151,"height":46,"caption":"Asuni Soft"},"image":{"@id":"https:\/\/stg.rhinolands.com\/es\/#\/schema\/logo\/image\/"}}]}},"_links":{"self":[{"href":"https:\/\/stg.rhinolands.com\/es\/wp-json\/wp\/v2\/pages\/74492","targetHints":{"allow":["GET"]}}],"collection":[{"href":"https:\/\/stg.rhinolands.com\/es\/wp-json\/wp\/v2\/pages"}],"about":[{"href":"https:\/\/stg.rhinolands.com\/es\/wp-json\/wp\/v2\/types\/page"}],"author":[{"embeddable":true,"href":"https:\/\/stg.rhinolands.com\/es\/wp-json\/wp\/v2\/users\/1"}],"replies":[{"embeddable":true,"href":"https:\/\/stg.rhinolands.com\/es\/wp-json\/wp\/v2\/comments?post=74492"}],"version-history":[{"count":3,"href":"https:\/\/stg.rhinolands.com\/es\/wp-json\/wp\/v2\/pages\/74492\/revisions"}],"predecessor-version":[{"id":80637,"href":"https:\/\/stg.rhinolands.com\/es\/wp-json\/wp\/v2\/pages\/74492\/revisions\/80637"}],"wp:featuredmedia":[{"embeddable":true,"href":"https:\/\/stg.rhinolands.com\/es\/wp-json\/wp\/v2\/media\/67590"}],"wp:attachment":[{"href":"https:\/\/stg.rhinolands.com\/es\/wp-json\/wp\/v2\/media?parent=74492"}],"curies":[{"name":"wp","href":"https:\/\/api.w.org\/{rel}","templated":true}]}}