{"id":60103,"date":"2020-02-13T09:49:51","date_gmt":"2020-02-13T09:49:51","guid":{"rendered":"https:\/\/stg.rhinolands.com\/legal\/"},"modified":"2024-04-08T14:35:26","modified_gmt":"2024-04-08T12:35:26","slug":"legal","status":"publish","type":"page","link":"https:\/\/stg.rhinolands.com\/fr\/legal\/","title":{"rendered":"L\u00e9gal"},"content":{"rendered":"[et_pb_section fb_built=\u00a0\u00bb1&Prime; admin_label=\u00a0\u00bbsection\u00a0\u00bb _builder_version=\u00a0\u00bb4.16&Prime; global_colors_info=\u00a0\u00bb{}\u00a0\u00bb da_is_popup=\u00a0\u00bboff\u00a0\u00bb da_exit_intent=\u00a0\u00bboff\u00a0\u00bb da_has_close=\u00a0\u00bbon\u00a0\u00bb da_alt_close=\u00a0\u00bboff\u00a0\u00bb da_dark_close=\u00a0\u00bboff\u00a0\u00bb da_not_modal=\u00a0\u00bbon\u00a0\u00bb da_is_singular=\u00a0\u00bboff\u00a0\u00bb da_with_loader=\u00a0\u00bboff\u00a0\u00bb da_has_shadow=\u00a0\u00bbon\u00a0\u00bb da_disable_devices=\u00a0\u00bboff|off|off\u00a0\u00bb][et_pb_row admin_label=\u00a0\u00bbrow\u00a0\u00bb _builder_version=\u00a0\u00bb4.16&Prime; background_size=\u00a0\u00bbinitial\u00a0\u00bb background_position=\u00a0\u00bbtop_left\u00a0\u00bb background_repeat=\u00a0\u00bbrepeat\u00a0\u00bb global_colors_info=\u00a0\u00bb{}\u00a0\u00bb][et_pb_column type=\u00a0\u00bb4_4&Prime; _builder_version=\u00a0\u00bb4.16&Prime; custom_padding=\u00a0\u00bb|||\u00a0\u00bb global_colors_info=\u00a0\u00bb{}\u00a0\u00bb custom_padding__hover=\u00a0\u00bb|||\u00a0\u00bb][et_pb_post_title meta=\u00a0\u00bboff\u00a0\u00bb featured_image=\u00a0\u00bboff\u00a0\u00bb admin_label=\u00a0\u00bbTitulo de la p\u00e1gina\u00a0\u00bb _builder_version=\u00a0\u00bb4.16&Prime; title_font=\u00a0\u00bb|on|||\u00a0\u00bb title_font_size=\u00a0\u00bb30px\u00a0\u00bb title_all_caps=\u00a0\u00bboff\u00a0\u00bb background_color=\u00a0\u00bbrgba(255,255,255,0)\u00a0\u00bb parallax=\u00a0\u00bbon\u00a0\u00bb parallax_method=\u00a0\u00bboff\u00a0\u00bb parallax_effect=\u00a0\u00bbon\u00a0\u00bb module_bg_color=\u00a0\u00bbrgba(255,255,255,0)\u00a0\u00bb use_border_color=\u00a0\u00bboff\u00a0\u00bb border_color=\u00a0\u00bb#ffffff\u00a0\u00bb border_style=\u00a0\u00bbsolid\u00a0\u00bb saved_tabs=\u00a0\u00bball\u00a0\u00bb global_colors_info=\u00a0\u00bb{}\u00a0\u00bb][\/et_pb_post_title][et_pb_text _builder_version=\u00a0\u00bb4.24.3&Prime; _module_preset=\u00a0\u00bbdefault\u00a0\u00bb hover_enabled=\u00a0\u00bb0&Prime; sticky_enabled=\u00a0\u00bb0&Prime;]<h3>MENTION L\u00c9GALE<\/h3>\n<p>Conform\u00e9ment \u00e0 la loi espagnole 34\/2002 du 11 juillet sur les services de la soci\u00e9t\u00e9 de l&rsquo;information et du commerce \u00e9lectronique (<em>Loi 34\/2002, du 11 juillet<\/em>), l&rsquo;entreprise vous informe qu&rsquo;elle est propri\u00e9taire du pr\u00e9sent site web. Conform\u00e9ment aux dispositions de l&rsquo;article 10 du r\u00e8glement susmentionn\u00e9, nous devons vous fournir les informations suivantes\u00a0:<\/p>[\/et_pb_text][et_pb_text _builder_version=\u00a0\u00bb4.24.3&Prime; _module_preset=\u00a0\u00bbdefault\u00a0\u00bb hover_enabled=\u00a0\u00bb0&Prime; sticky_enabled=\u00a0\u00bb0&Prime;]Le propri\u00e9taire du site web est\u00a0:\n<table border=\"1\" style=\"border-collapse: collapse; width: 100%;\">\n<tbody>\n<tr>\n<td style=\"width: 50%;\">Nom de l&rsquo;entreprise<\/td>\n<td style=\"width: 50%;\">Asuni Soft S.L.<\/td>\n<\/tr>\n<tr>\n<td style=\"width: 50%;\">Num\u00e9ro d&rsquo;identification fiscale<\/td>\n<td style=\"width: 50%;\">ESB62897731<\/td>\n<\/tr>\n<tr>\n<td style=\"width: 50%;\">Adresse<\/td>\n<td style=\"width: 50%;\">Roger de Flor, 32-34<\/td>\n<\/tr>\n<tr>\n<td style=\"width: 50%;\">CP<\/td>\n<td style=\"width: 50%;\">08018<\/td>\n<\/tr>\n<tr>\n<td style=\"width: 50%;\">Ville<\/td>\n<td style=\"width: 50%;\">Barcelone<\/td>\n<\/tr>\n<tr>\n<td style=\"width: 50%;\">Pays<\/td>\n<td style=\"width: 50%;\">ESPAGNE<\/td>\n<\/tr>\n<\/tbody>\n<\/table>[\/et_pb_text][et_pb_text _builder_version=\u00a0\u00bb4.24.3&Prime; _module_preset=\u00a0\u00bbdefault\u00a0\u00bb hover_enabled=\u00a0\u00bb0&Prime; sticky_enabled=\u00a0\u00bb0&Prime;]<h3>UTILISATEURS<\/h3>\n<p>L&rsquo;acc\u00e8s et\/ou l&rsquo;utilisation du site vous conf\u00e8re la condition d&rsquo;UTILISATEUR, que vous acceptez, en vertu des conditions g\u00e9n\u00e9rales d&rsquo;utilisation \u00e9nonc\u00e9es ci-apr\u00e8s. Ces conditions seront appliqu\u00e9es ind\u00e9pendamment des conditions g\u00e9n\u00e9rales applicables.<\/p>[\/et_pb_text][et_pb_text _builder_version=\u00a0\u00bb4.24.3&Prime; _module_preset=\u00a0\u00bbdefault\u00a0\u00bb hover_enabled=\u00a0\u00bb0&Prime; sticky_enabled=\u00a0\u00bb0&Prime;]<h3>UTILISATION DU SITE WEB<\/h3>\n<p>Le site web donne acc\u00e8s \u00e0 un grand nombre d&rsquo;informations, de services, de programmes ou de donn\u00e9es (ci-apr\u00e8s, \u00ab\u00a0le contenu\u00a0\u00bb) sur Internet appartenant \u00e0 l&rsquo;entreprise ou \u00e0 ses conc\u00e9dants de licence auxquels l&rsquo;UTILISATEUR peut avoir acc\u00e8s. L&rsquo;UTILISATEUR assume la responsabilit\u00e9 de l&rsquo;utilisation du site web.\u00a0L&rsquo;UTILISATEUR s&rsquo;engage \u00e0 faire une utilisation correcte du contenu et des services offerts par l&rsquo;entreprise \u00e0 travers son site web, qui ont un caract\u00e8re significatif mais non limitatif, et qui ne doivent pas \u00eatre utilis\u00e9s pour\u00a0:<\/p>\n<ul>\n<li>se livrer \u00e0 des activit\u00e9s illicites, ill\u00e9gales ou contraires \u00e0 la bonne foi et \u00e0 l&rsquo;ordre public.<\/li>\n<li>diffuser des contenus ou de la propagande consid\u00e9r\u00e9s comme racistes, x\u00e9nophobes, pornographiques-ill\u00e9gaux, d&rsquo;apologie du terrorisme ou contraires aux droits de l&rsquo;homme.<br \/>causer des dommages aux syst\u00e8mes physiques ou logiques de l&rsquo;entreprise, de ses fournisseurs ou de tiers, en introduisant ou en diffusant des virus informatiques sur le site web ou tout autre syst\u00e8me physique ou logique susceptible de causer des dommages tels que ceux mentionn\u00e9s ci-dessus.<\/li>\n<li>essayer d&rsquo;acc\u00e9der ou d&rsquo;utiliser les comptes de courrier \u00e9lectronique d&rsquo;autres utilisateurs et de modifier ou de manipuler leurs messages.<\/li>\n<\/ul>[\/et_pb_text][et_pb_text _builder_version=\u00a0\u00bb4.24.3&Prime; _module_preset=\u00a0\u00bbdefault\u00a0\u00bb hover_enabled=\u00a0\u00bb0&Prime; sticky_enabled=\u00a0\u00bb0&Prime;]<h3>PROPRIETE INTELLECTUELLE ET INDUSTRIELLE<\/h3>\n<p>L&rsquo;entreprise sera titulaire de tous les droits de propri\u00e9t\u00e9 industrielle et intellectuelle de son site web, ainsi que des \u00e9l\u00e9ments qu&rsquo;elle contient (images, son, audio, vid\u00e9o, logiciels ou textes, marques ou logos, associations de couleurs, structure et dessin, s\u00e9lection des mat\u00e9riaux utilis\u00e9s, programmes informatiques n\u00e9cessaires \u00e0 son fonctionnement, \u00e0 son acc\u00e8s et \u00e0 son utilisation, etc.).<\/p>\n<p>Tous droits r\u00e9serv\u00e9s. Conform\u00e9ment aux articles 8 et 32.1, deuxi\u00e8me paragraphe, de la loi espagnole sur la propri\u00e9t\u00e9 intellectuelle applicable, la reproduction, la distribution et la communication publique sont express\u00e9ment interdites, y compris la mise \u00e0 disposition, totale ou partielle, du contenu de ce site web, \u00e0 des fins commerciales, par tout moyen \u00e9lectronique, sans l&rsquo;autorisation de l&rsquo;entreprise. L&rsquo;UTILISATEUR s&rsquo;engage \u00e0 respecter les droits de propri\u00e9t\u00e9 intellectuelle et industrielle de l&rsquo;entreprise. L&rsquo;UTILISATEUR pourra visualiser les \u00e9l\u00e9ments du site, y compris les imprimer, les copier ou les stocker sur le disque dur de son ordinateur ou sur tout autre support physique, \u00e0 condition que ce soit uniquement et exclusivement \u00e0 des fins personnelles et priv\u00e9es. L&rsquo;UTILISATEUR s&rsquo;abstiendra de supprimer, de modifier, de contourner ou de manipuler tout dispositif de protection ou syst\u00e8me de s\u00e9curit\u00e9 install\u00e9 sur le site web de l&rsquo;entreprise.<\/p>[\/et_pb_text][et_pb_text _builder_version=\u00a0\u00bb4.24.3&Prime; _module_preset=\u00a0\u00bbdefault\u00a0\u00bb hover_enabled=\u00a0\u00bb0&Prime; sticky_enabled=\u00a0\u00bb0&Prime;]<h3>EXCLUSION DE GARANTIES ET DE RESPONSABILIT\u00c9S<\/h3>\n<p>L&rsquo;entreprise ne sera en aucun cas responsable des dommages caus\u00e9s, par exemple, par des erreurs ou des omissions, l&rsquo;absence de responsabilit\u00e9 du site ou la contamination par des virus ou des programmes malveillants dans son contenu, bien qu&rsquo;elle ait pris toutes les mesures technologiques n\u00e9cessaires pour l&rsquo;\u00e9viter.<\/p>[\/et_pb_text][et_pb_text _builder_version=\u00a0\u00bb4.24.3&Prime; _module_preset=\u00a0\u00bbdefault\u00a0\u00bb hover_enabled=\u00a0\u00bb0&Prime; sticky_enabled=\u00a0\u00bb0&Prime;]<h3>MODIFICATIONS<\/h3>\n<p>L&rsquo;entreprise se r\u00e9serve le droit, sans pr\u00e9avis, d&rsquo;apporter les modifications jug\u00e9es n\u00e9cessaires, et pourra ainsi changer, \u00e9liminer ou ajouter non seulement le contenu et les services qu&rsquo;elle fournit, mais aussi la mani\u00e8re dont ceux-ci sont pr\u00e9sent\u00e9s ou situ\u00e9s sur le site.<\/p>[\/et_pb_text][et_pb_text _builder_version=\u00a0\u00bb4.24.3&Prime; _module_preset=\u00a0\u00bbdefault\u00a0\u00bb hover_enabled=\u00a0\u00bb0&Prime; sticky_enabled=\u00a0\u00bb0&Prime;]<h3>LIENS<\/h3>\n<p>Dans le cas o\u00f9 le site web contiendrait des liens ou des hyperliens vers d&rsquo;autres sites Internet, l&rsquo;entreprise n&rsquo;exercera aucun contr\u00f4le sur ces sites et leur contenu. L&rsquo;entreprise n&rsquo;assume en aucun cas la responsabilit\u00e9 du contenu d&rsquo;un lien appartenant \u00e0 un autre site web, ni ne garantit la disponibilit\u00e9 technique, la qualit\u00e9, la fiabilit\u00e9, l&rsquo;exactitude, la v\u00e9racit\u00e9, la validit\u00e9 ou la constitutionnalit\u00e9 du mat\u00e9riel ou des informations quels qu&rsquo;ils soient contenu dans l&rsquo;un de ces hyperliens ou dans d&rsquo;autres sites Internet<\/p>\n<p>De m\u00eame, l&rsquo;inclusion de ces connexions externes n&rsquo;implique aucune forme d&rsquo;association, de fusion ou de participation avec les entit\u00e9s connect\u00e9es.<\/p>[\/et_pb_text][et_pb_text _builder_version=\u00a0\u00bb4.24.3&Prime; _module_preset=\u00a0\u00bbdefault\u00a0\u00bb hover_enabled=\u00a0\u00bb0&Prime; sticky_enabled=\u00a0\u00bb0&Prime;]<h3>DROITS D&rsquo;EXCLUSION<\/h3>\n<p>L&rsquo;entreprise se r\u00e9serve le droit de refuser ou de retirer l&rsquo;acc\u00e8s au site et\/ou aux services offerts, sans notification pr\u00e9alable, de sa propre initiative ou sur demande d&rsquo;un tiers, aux utilisateurs qui ne respectent pas les pr\u00e9sentes conditions g\u00e9n\u00e9rales d&rsquo;utilisation.<\/p>[\/et_pb_text][et_pb_text _builder_version=\u00a0\u00bb4.24.3&Prime; _module_preset=\u00a0\u00bbdefault\u00a0\u00bb hover_enabled=\u00a0\u00bb0&Prime; sticky_enabled=\u00a0\u00bb0&Prime;]<h3>MODIFICATION DES PR\u00c9SENTES CONDITIONS ET DUR\u00c9E DE VALIDIT\u00c9<\/h3>\n<p>L&rsquo;entreprise se r\u00e9serve le droit de modifier \u00e0 tout moment les pr\u00e9sentes conditions. La validit\u00e9 des conditions sera conforme \u00e0 leur publication et celles-ci demeureront en vigueur jusqu&rsquo;\u00e0 ce qu&rsquo;elles soient d\u00fbment publi\u00e9es ou modifi\u00e9es.<\/p>[\/et_pb_text][et_pb_text _builder_version=\u00a0\u00bb4.24.3&Prime; _module_preset=\u00a0\u00bbdefault\u00a0\u00bb hover_enabled=\u00a0\u00bb0&Prime; sticky_enabled=\u00a0\u00bb0&Prime;]<h3>CONSID\u00c9RATIONS G\u00c9N\u00c9RALES<\/h3>\n<p>L&rsquo;entreprise poursuivra le non-respect des pr\u00e9sentes conditions, ainsi que toute utilisation douteuse de son site en appliquant les actions l\u00e9gales civiles et p\u00e9nales susceptibles de s&rsquo;appliquer.<\/p>[\/et_pb_text][et_pb_text _builder_version=\u00a0\u00bb4.24.3&Prime; _module_preset=\u00a0\u00bbdefault\u00a0\u00bb hover_enabled=\u00a0\u00bb0&Prime; sticky_enabled=\u00a0\u00bb0&Prime;]<h3>LOI APPLICALE ET JURIDICTION COMP\u00c9TENTE<\/h3>\n<p>La relation entre l&rsquo;entreprise et l&rsquo;UTILISATEUR sera r\u00e9gie par la r\u00e9glementation espagnole en vigueur et toute controverse sera soumise aux tribunaux de la ville susmentionn\u00e9e.<\/p>[\/et_pb_text][\/et_pb_column][\/et_pb_row][\/et_pb_section]","protected":false},"excerpt":{"rendered":"<p>MENTION L\u00c9GALE Conform\u00e9ment \u00e0 la loi espagnole 34\/2002 du 11 juillet sur les services de la soci\u00e9t\u00e9 de l&rsquo;information et du commerce \u00e9lectronique (Loi 34\/2002, du 11 juillet), l&rsquo;entreprise vous informe qu&rsquo;elle est propri\u00e9taire du pr\u00e9sent site web. Conform\u00e9ment aux dispositions de l&rsquo;article 10 du r\u00e8glement susmentionn\u00e9, nous devons vous fournir les informations suivantes\u00a0:Le propri\u00e9taire [&hellip;]<\/p>\n","protected":false},"author":1,"featured_media":0,"parent":0,"menu_order":91,"comment_status":"closed","ping_status":"closed","template":"","meta":{"_et_pb_use_builder":"on","_et_pb_old_content":"<h1>Informations juridiques<\/h1>","_et_gb_content_width":"","footnotes":""},"class_list":["post-60103","page","type-page","status-publish","hentry"],"yoast_head":"<!-- This site is optimized with the Yoast SEO plugin v27.3 - https:\/\/yoast.com\/product\/yoast-seo-wordpress\/ -->\n<title>L\u00e9gal - RhinoLands<\/title>\n<meta name=\"robots\" content=\"noindex, follow, max-snippet:-1, max-image-preview:large, max-video-preview:-1\" \/>\n<meta property=\"og:locale\" content=\"fr_FR\" \/>\n<meta property=\"og:type\" content=\"article\" \/>\n<meta property=\"og:title\" content=\"L\u00e9gal - RhinoLands\" \/>\n<meta property=\"og:description\" content=\"MENTION L\u00c9GALE Conform\u00e9ment \u00e0 la loi espagnole 34\/2002 du 11 juillet sur les services de la soci\u00e9t\u00e9 de l&#039;information et du commerce \u00e9lectronique (Loi 34\/2002, du 11 juillet), l&#039;entreprise vous informe qu&#039;elle est propri\u00e9taire du pr\u00e9sent site web. Conform\u00e9ment aux dispositions de l&#039;article 10 du r\u00e8glement susmentionn\u00e9, nous devons vous fournir les informations suivantes\u00a0:Le propri\u00e9taire [&hellip;]\" \/>\n<meta property=\"og:url\" content=\"https:\/\/stg.rhinolands.com\/fr\/legal\/\" \/>\n<meta property=\"og:site_name\" content=\"RhinoLands\" \/>\n<meta property=\"article:modified_time\" content=\"2024-04-08T12:35:26+00:00\" \/>\n<meta name=\"twitter:card\" content=\"summary_large_image\" \/>\n<meta name=\"twitter:label1\" content=\"Dur\u00e9e de lecture estim\u00e9e\" \/>\n\t<meta name=\"twitter:data1\" content=\"4 minutes\" \/>\n<script type=\"application\/ld+json\" class=\"yoast-schema-graph\">{\"@context\":\"https:\\\/\\\/schema.org\",\"@graph\":[{\"@type\":\"WebPage\",\"@id\":\"https:\\\/\\\/stg.rhinolands.com\\\/fr\\\/legal\\\/\",\"url\":\"https:\\\/\\\/stg.rhinolands.com\\\/fr\\\/legal\\\/\",\"name\":\"L\u00e9gal - RhinoLands\",\"isPartOf\":{\"@id\":\"https:\\\/\\\/stg.rhinolands.com\\\/fr\\\/#website\"},\"datePublished\":\"2020-02-13T09:49:51+00:00\",\"dateModified\":\"2024-04-08T12:35:26+00:00\",\"breadcrumb\":{\"@id\":\"https:\\\/\\\/stg.rhinolands.com\\\/fr\\\/legal\\\/#breadcrumb\"},\"inLanguage\":\"fr-FR\",\"potentialAction\":[{\"@type\":\"ReadAction\",\"target\":[\"https:\\\/\\\/stg.rhinolands.com\\\/fr\\\/legal\\\/\"]}]},{\"@type\":\"BreadcrumbList\",\"@id\":\"https:\\\/\\\/stg.rhinolands.com\\\/fr\\\/legal\\\/#breadcrumb\",\"itemListElement\":[{\"@type\":\"ListItem\",\"position\":1,\"name\":\"Home\",\"item\":\"https:\\\/\\\/stg.rhinolands.com\\\/fr\\\/\"},{\"@type\":\"ListItem\",\"position\":2,\"name\":\"L\u00e9gal\"}]},{\"@type\":\"WebSite\",\"@id\":\"https:\\\/\\\/stg.rhinolands.com\\\/fr\\\/#website\",\"url\":\"https:\\\/\\\/stg.rhinolands.com\\\/fr\\\/\",\"name\":\"RhinoLands\",\"description\":\"BIM landscape software\",\"publisher\":{\"@id\":\"https:\\\/\\\/stg.rhinolands.com\\\/fr\\\/#organization\"},\"potentialAction\":[{\"@type\":\"SearchAction\",\"target\":{\"@type\":\"EntryPoint\",\"urlTemplate\":\"https:\\\/\\\/stg.rhinolands.com\\\/fr\\\/?s={search_term_string}\"},\"query-input\":{\"@type\":\"PropertyValueSpecification\",\"valueRequired\":true,\"valueName\":\"search_term_string\"}}],\"inLanguage\":\"fr-FR\"},{\"@type\":\"Organization\",\"@id\":\"https:\\\/\\\/stg.rhinolands.com\\\/fr\\\/#organization\",\"name\":\"Asuni Soft\",\"url\":\"https:\\\/\\\/stg.rhinolands.com\\\/fr\\\/\",\"logo\":{\"@type\":\"ImageObject\",\"inLanguage\":\"fr-FR\",\"@id\":\"https:\\\/\\\/stg.rhinolands.com\\\/fr\\\/#\\\/schema\\\/logo\\\/image\\\/\",\"url\":\"https:\\\/\\\/stg.rhinolands.com\\\/wp-content\\\/uploads\\\/2020\\\/02\\\/AsuniLogoFinal-01.png\",\"contentUrl\":\"https:\\\/\\\/stg.rhinolands.com\\\/wp-content\\\/uploads\\\/2020\\\/02\\\/AsuniLogoFinal-01.png\",\"width\":151,\"height\":46,\"caption\":\"Asuni Soft\"},\"image\":{\"@id\":\"https:\\\/\\\/stg.rhinolands.com\\\/fr\\\/#\\\/schema\\\/logo\\\/image\\\/\"}}]}<\/script>\n<!-- \/ Yoast SEO plugin. -->","yoast_head_json":{"title":"L\u00e9gal - RhinoLands","robots":{"index":"noindex","follow":"follow","max-snippet":"max-snippet:-1","max-image-preview":"max-image-preview:large","max-video-preview":"max-video-preview:-1"},"og_locale":"fr_FR","og_type":"article","og_title":"L\u00e9gal - RhinoLands","og_description":"MENTION L\u00c9GALE Conform\u00e9ment \u00e0 la loi espagnole 34\/2002 du 11 juillet sur les services de la soci\u00e9t\u00e9 de l'information et du commerce \u00e9lectronique (Loi 34\/2002, du 11 juillet), l'entreprise vous informe qu'elle est propri\u00e9taire du pr\u00e9sent site web. Conform\u00e9ment aux dispositions de l'article 10 du r\u00e8glement susmentionn\u00e9, nous devons vous fournir les informations suivantes\u00a0:Le propri\u00e9taire [&hellip;]","og_url":"https:\/\/stg.rhinolands.com\/fr\/legal\/","og_site_name":"RhinoLands","article_modified_time":"2024-04-08T12:35:26+00:00","twitter_card":"summary_large_image","twitter_misc":{"Dur\u00e9e de lecture estim\u00e9e":"4 minutes"},"schema":{"@context":"https:\/\/schema.org","@graph":[{"@type":"WebPage","@id":"https:\/\/stg.rhinolands.com\/fr\/legal\/","url":"https:\/\/stg.rhinolands.com\/fr\/legal\/","name":"L\u00e9gal - RhinoLands","isPartOf":{"@id":"https:\/\/stg.rhinolands.com\/fr\/#website"},"datePublished":"2020-02-13T09:49:51+00:00","dateModified":"2024-04-08T12:35:26+00:00","breadcrumb":{"@id":"https:\/\/stg.rhinolands.com\/fr\/legal\/#breadcrumb"},"inLanguage":"fr-FR","potentialAction":[{"@type":"ReadAction","target":["https:\/\/stg.rhinolands.com\/fr\/legal\/"]}]},{"@type":"BreadcrumbList","@id":"https:\/\/stg.rhinolands.com\/fr\/legal\/#breadcrumb","itemListElement":[{"@type":"ListItem","position":1,"name":"Home","item":"https:\/\/stg.rhinolands.com\/fr\/"},{"@type":"ListItem","position":2,"name":"L\u00e9gal"}]},{"@type":"WebSite","@id":"https:\/\/stg.rhinolands.com\/fr\/#website","url":"https:\/\/stg.rhinolands.com\/fr\/","name":"RhinoLands","description":"BIM landscape software","publisher":{"@id":"https:\/\/stg.rhinolands.com\/fr\/#organization"},"potentialAction":[{"@type":"SearchAction","target":{"@type":"EntryPoint","urlTemplate":"https:\/\/stg.rhinolands.com\/fr\/?s={search_term_string}"},"query-input":{"@type":"PropertyValueSpecification","valueRequired":true,"valueName":"search_term_string"}}],"inLanguage":"fr-FR"},{"@type":"Organization","@id":"https:\/\/stg.rhinolands.com\/fr\/#organization","name":"Asuni Soft","url":"https:\/\/stg.rhinolands.com\/fr\/","logo":{"@type":"ImageObject","inLanguage":"fr-FR","@id":"https:\/\/stg.rhinolands.com\/fr\/#\/schema\/logo\/image\/","url":"https:\/\/stg.rhinolands.com\/wp-content\/uploads\/2020\/02\/AsuniLogoFinal-01.png","contentUrl":"https:\/\/stg.rhinolands.com\/wp-content\/uploads\/2020\/02\/AsuniLogoFinal-01.png","width":151,"height":46,"caption":"Asuni Soft"},"image":{"@id":"https:\/\/stg.rhinolands.com\/fr\/#\/schema\/logo\/image\/"}}]}},"_links":{"self":[{"href":"https:\/\/stg.rhinolands.com\/fr\/wp-json\/wp\/v2\/pages\/60103","targetHints":{"allow":["GET"]}}],"collection":[{"href":"https:\/\/stg.rhinolands.com\/fr\/wp-json\/wp\/v2\/pages"}],"about":[{"href":"https:\/\/stg.rhinolands.com\/fr\/wp-json\/wp\/v2\/types\/page"}],"author":[{"embeddable":true,"href":"https:\/\/stg.rhinolands.com\/fr\/wp-json\/wp\/v2\/users\/1"}],"replies":[{"embeddable":true,"href":"https:\/\/stg.rhinolands.com\/fr\/wp-json\/wp\/v2\/comments?post=60103"}],"version-history":[{"count":3,"href":"https:\/\/stg.rhinolands.com\/fr\/wp-json\/wp\/v2\/pages\/60103\/revisions"}],"predecessor-version":[{"id":80498,"href":"https:\/\/stg.rhinolands.com\/fr\/wp-json\/wp\/v2\/pages\/60103\/revisions\/80498"}],"wp:attachment":[{"href":"https:\/\/stg.rhinolands.com\/fr\/wp-json\/wp\/v2\/media?parent=60103"}],"curies":[{"name":"wp","href":"https:\/\/api.w.org\/{rel}","templated":true}]}}