{"id":73328,"date":"2023-01-13T16:43:42","date_gmt":"2023-01-13T15:43:42","guid":{"rendered":"https:\/\/stg.rhinolands.com\/info\/temoignages\/"},"modified":"2023-01-13T16:43:44","modified_gmt":"2023-01-13T15:43:44","slug":"testimonials","status":"publish","type":"page","link":"https:\/\/stg.rhinolands.com\/fr\/info\/testimonials\/","title":{"rendered":"T\u00e9moignages"},"content":{"rendered":"[et_pb_section fb_built=\u00a0\u00bb1&Prime; _builder_version=\u00a0\u00bb4.19.1&Prime; _module_preset=\u00a0\u00bbdefault\u00a0\u00bb custom_margin=\u00a0\u00bb||0px||false|false\u00a0\u00bb custom_padding=\u00a0\u00bb||0px||false|false\u00a0\u00bb global_colors_info=\u00a0\u00bb{}\u00a0\u00bb][et_pb_row _builder_version=\u00a0\u00bb4.19.1&Prime; _module_preset=\u00a0\u00bbdefault\u00a0\u00bb global_colors_info=\u00a0\u00bb{}\u00a0\u00bb][et_pb_column type=\u00a0\u00bb4_4&Prime; _builder_version=\u00a0\u00bb4.19.1&Prime; _module_preset=\u00a0\u00bbdefault\u00a0\u00bb global_colors_info=\u00a0\u00bb{}\u00a0\u00bb][et_pb_post_title meta=\u00a0\u00bboff\u00a0\u00bb featured_image=\u00a0\u00bboff\u00a0\u00bb _builder_version=\u00a0\u00bb4.19.1&Prime; _module_preset=\u00a0\u00bbdefault\u00a0\u00bb custom_margin=\u00a0\u00bb||||false|false\u00a0\u00bb global_colors_info=\u00a0\u00bb{}\u00a0\u00bb][\/et_pb_post_title][\/et_pb_column][\/et_pb_row][\/et_pb_section][et_pb_section fb_built=\u00a0\u00bb1&Prime; _builder_version=\u00a0\u00bb4.19.1&Prime; _module_preset=\u00a0\u00bbdefault\u00a0\u00bb hover_enabled=\u00a0\u00bb0&Prime; global_colors_info=\u00a0\u00bb{}\u00a0\u00bb custom_margin=\u00a0\u00bb0px||||false|false\u00a0\u00bb custom_padding=\u00a0\u00bb0px||||false|false\u00a0\u00bb sticky_enabled=\u00a0\u00bb0&Prime;][et_pb_row column_structure=\u00a0\u00bb1_2,1_2&Prime; _builder_version=\u00a0\u00bb4.19.1&Prime; _module_preset=\u00a0\u00bbdefault\u00a0\u00bb global_colors_info=\u00a0\u00bb{}\u00a0\u00bb][et_pb_column type=\u00a0\u00bb1_2&Prime; _builder_version=\u00a0\u00bb4.19.1&Prime; _module_preset=\u00a0\u00bbdefault\u00a0\u00bb global_colors_info=\u00a0\u00bb{}\u00a0\u00bb][et_pb_testimonial author=\u00a0\u00bbTeun Knegsel\u00a0\u00bb job_title=\u00a0\u00bbArchitecte\u00a0\u00bb company_name=\u00a0\u00bbTechnische Universiteit Delft\u00a0\u00bb admin_label=\u00a0\u00bbTestimonial (Teun Knegsel 1)\u00a0\u00bb _builder_version=\u00a0\u00bb4.19.1&Prime; _module_preset=\u00a0\u00bbdefault\u00a0\u00bb global_colors_info=\u00a0\u00bb{}\u00a0\u00bb]<em>En tant qu&rsquo;architecte, j&rsquo;utilise principalement Lands Design pour ses outils de topographie faciles \u00e0 utiliser. Il offre une base solide pour d\u00e9finir les fondations de mes projets.  <\/em>[\/et_pb_testimonial][et_pb_testimonial author=\u00a0\u00bbTeun Knegsel\u00a0\u00bb job_title=\u00a0\u00bbArchitecte\u00a0\u00bb company_name=\u00a0\u00bbTechnische Universiteit Delft\u00a0\u00bb admin_label=\u00a0\u00bbTestimonial (Teun Knegsel 2)\u00a0\u00bb _builder_version=\u00a0\u00bb4.19.1&Prime; _module_preset=\u00a0\u00bbdefault\u00a0\u00bb global_colors_info=\u00a0\u00bb{}\u00a0\u00bb]<em>Mon outil pr\u00e9f\u00e9r\u00e9 est la vaste biblioth\u00e8que de plantes, qui ne cesse de s&rsquo;enrichir.  Elle m&rsquo;aide \u00e0 donner un sens r\u00e9el \u00e0 mes conceptions paysag\u00e8res plut\u00f4t que de remplir mon travail avec des \u00ab\u00a0plantes d\u00e9coratives\u00a0\u00bb trouv\u00e9es sur Internet.<\/em>[\/et_pb_testimonial][et_pb_testimonial author=\u00a0\u00bbTeun Knegsel\u00a0\u00bb job_title=\u00a0\u00bbArchitecte\u00a0\u00bb company_name=\u00a0\u00bbTechnische Universiteit Delft\u00a0\u00bb admin_label=\u00a0\u00bbTestimonial (Teun Knegsel 3)\u00a0\u00bb _builder_version=\u00a0\u00bb4.19.1&Prime; _module_preset=\u00a0\u00bbdefault\u00a0\u00bb global_colors_info=\u00a0\u00bb{}\u00a0\u00bb]<em>Les diff\u00e9rents modes d&rsquo;affichage disponibles pour les plantes et les terrains m&rsquo;aident \u00e0 produire rapidement des it\u00e9rations d&rsquo;une conception en rendu, des concepts et des plans.<\/em>[\/et_pb_testimonial][et_pb_testimonial author=\u00a0\u00bbThomas Oxvig\u00a0\u00bb job_title=\u00a0\u00bbConcepteur urbain\u00a0\u00bb company_name=\u00a0\u00bbC.F. M\u00f8ller Architects.\u00a0\u00bb admin_label=\u00a0\u00bbTestimonial (Thomas Oxvig 2)\u00a0\u00bb _builder_version=\u00a0\u00bb4.19.1&Prime; _module_preset=\u00a0\u00bbdefault\u00a0\u00bb global_colors_info=\u00a0\u00bb{}\u00a0\u00bb]<em>Lands Design nous aide beaucoup dans le processus d&rsquo;esquisse dans Rhino + Lands Design, ainsi que dans la r\u00e9alisation des dessins finaux et de la documentation pour les constructeurs.<\/em>[\/et_pb_testimonial][\/et_pb_column][et_pb_column type=\u00a0\u00bb1_2&Prime; _builder_version=\u00a0\u00bb4.19.1&Prime; _module_preset=\u00a0\u00bbdefault\u00a0\u00bb global_colors_info=\u00a0\u00bb{}\u00a0\u00bb][et_pb_testimonial author=\u00a0\u00bbDenis Fr\u00e9hel\u00a0\u00bb job_title=\u00a0\u00bbCo-fondateur\u00a0\u00bb company_name=\u00a0\u00bbQui Plus Est design studio\u00a0\u00bb admin_label=\u00a0\u00bbTestimonial (Denis Fr\u00e9hel)\u00a0\u00bb _builder_version=\u00a0\u00bb4.19.1&Prime; _module_preset=\u00a0\u00bbdefault\u00a0\u00bb global_colors_info=\u00a0\u00bb{}\u00a0\u00bb]<em>Je suis ing\u00e9nieur du g\u00e9nie civil et j&rsquo;utilise Lands Design pour des projets de permaculture. Je suis tr\u00e8s content des derniers d\u00e9veloppements de Lands Design, et tout particuli\u00e8rement l&rsquo;incroyable fonction d&rsquo;importation de terrain \u00e0 partir d&rsquo;une carte. J&rsquo;appr\u00e9cie r\u00e9ellement le c\u00f4t\u00e9 tr\u00e8s intuitif de ce programme. <\/em>[\/et_pb_testimonial][et_pb_testimonial author=\u00a0\u00bbRosana Almuzara Bertolucci\u00a0\u00bb job_title=\u00a0\u00bbArchitecte du paysage\u00a0\u00bb company_name=\u00a0\u00bbPaisajismo Digital\u00a0\u00bb admin_label=\u00a0\u00bbTestimonial (Rosana Almuzara Bertolucci)\u00a0\u00bb _builder_version=\u00a0\u00bb4.19.1&Prime; _module_preset=\u00a0\u00bbdefault\u00a0\u00bb global_colors_info=\u00a0\u00bb{}\u00a0\u00bb]<em>J&rsquo;utilise Lands Design pour produire des conceptions de paysages. Il me permet d&rsquo;agiliser et d&rsquo;automatiser le processus de conception depuis l&rsquo;id\u00e9e de d\u00e9part jusqu&rsquo;\u00e0 l&rsquo;\u00e9laboration du mod\u00e8le 3D et la production des plans techniques.<\/em>[\/et_pb_testimonial][et_pb_testimonial author=\u00a0\u00bbThomas Oxvig\u00a0\u00bb job_title=\u00a0\u00bbConcepteur urbain\u00a0\u00bb company_name=\u00a0\u00bbC.F. M\u00f8ller Architects.\u00a0\u00bb admin_label=\u00a0\u00bbTestimonial (Thomas Oxvig 1)\u00a0\u00bb _builder_version=\u00a0\u00bb4.19.1&Prime; _module_preset=\u00a0\u00bbdefault\u00a0\u00bb global_colors_info=\u00a0\u00bb{}\u00a0\u00bb]<em>Nous travaillons toujours avec des projets allant de la planification urbaine \u00e0 des espaces urbains plus petits, et Lands Design leur correspond tr\u00e8s bien.<\/em>[\/et_pb_testimonial][et_pb_testimonial author=\u00a0\u00bbThomas Oxvig\u00a0\u00bb job_title=\u00a0\u00bbConcepteur urbain\u00a0\u00bb company_name=\u00a0\u00bbC.F. M\u00f8ller Architects.\u00a0\u00bb admin_label=\u00a0\u00bbTestimonial (Thomas Oxvig 3)\u00a0\u00bb _builder_version=\u00a0\u00bb4.19.1&Prime; _module_preset=\u00a0\u00bbdefault\u00a0\u00bb global_colors_info=\u00a0\u00bb{}\u00a0\u00bb]<em>La collaboration avec Revit \u00e0 l&rsquo;aide de Rhino.inside + Lands Design nous offre un flux de travail tr\u00e8s facile dans le \u00ab\u00a0monde BIM\u00a0\u00bb (et LIM).<\/em>[\/et_pb_testimonial][\/et_pb_column][\/et_pb_row][\/et_pb_section]","protected":false},"excerpt":{"rendered":"<p>En tant qu&rsquo;architecte, j&rsquo;utilise principalement Lands Design pour ses outils de topographie faciles \u00e0 utiliser. Il offre une base solide pour d\u00e9finir les fondations de mes projets. Mon outil pr\u00e9f\u00e9r\u00e9 est la vaste biblioth\u00e8que de plantes, qui ne cesse de s&rsquo;enrichir. Elle m&rsquo;aide \u00e0 donner un sens r\u00e9el \u00e0 mes conceptions paysag\u00e8res plut\u00f4t que de [&hellip;]<\/p>\n","protected":false},"author":1,"featured_media":0,"parent":64492,"menu_order":0,"comment_status":"closed","ping_status":"closed","template":"","meta":{"_et_pb_use_builder":"on","_et_pb_old_content":"","_et_gb_content_width":"","footnotes":""},"class_list":["post-73328","page","type-page","status-publish","hentry"],"yoast_head":"<!-- This site is optimized with the Yoast SEO plugin v27.3 - https:\/\/yoast.com\/product\/yoast-seo-wordpress\/ -->\n<title>T\u00e9moignages - RhinoLands<\/title>\n<meta name=\"robots\" content=\"noindex, follow, max-snippet:-1, max-image-preview:large, max-video-preview:-1\" \/>\n<meta property=\"og:locale\" content=\"fr_FR\" \/>\n<meta property=\"og:type\" content=\"article\" \/>\n<meta property=\"og:title\" content=\"T\u00e9moignages - RhinoLands\" \/>\n<meta property=\"og:description\" content=\"En tant qu&#039;architecte, j&#039;utilise principalement Lands Design pour ses outils de topographie faciles \u00e0 utiliser. Il offre une base solide pour d\u00e9finir les fondations de mes projets. Mon outil pr\u00e9f\u00e9r\u00e9 est la vaste biblioth\u00e8que de plantes, qui ne cesse de s&#039;enrichir. Elle m&#039;aide \u00e0 donner un sens r\u00e9el \u00e0 mes conceptions paysag\u00e8res plut\u00f4t que de [&hellip;]\" \/>\n<meta property=\"og:url\" content=\"https:\/\/stg.rhinolands.com\/fr\/info\/testimonials\/\" \/>\n<meta property=\"og:site_name\" content=\"RhinoLands\" \/>\n<meta property=\"article:modified_time\" content=\"2023-01-13T15:43:44+00:00\" \/>\n<meta name=\"twitter:card\" content=\"summary_large_image\" \/>\n<meta name=\"twitter:label1\" content=\"Dur\u00e9e de lecture estim\u00e9e\" \/>\n\t<meta name=\"twitter:data1\" content=\"3 minutes\" \/>\n<script type=\"application\/ld+json\" class=\"yoast-schema-graph\">{\"@context\":\"https:\\\/\\\/schema.org\",\"@graph\":[{\"@type\":\"WebPage\",\"@id\":\"https:\\\/\\\/stg.rhinolands.com\\\/fr\\\/info\\\/testimonials\\\/\",\"url\":\"https:\\\/\\\/stg.rhinolands.com\\\/fr\\\/info\\\/testimonials\\\/\",\"name\":\"T\u00e9moignages - RhinoLands\",\"isPartOf\":{\"@id\":\"https:\\\/\\\/stg.rhinolands.com\\\/fr\\\/#website\"},\"datePublished\":\"2023-01-13T15:43:42+00:00\",\"dateModified\":\"2023-01-13T15:43:44+00:00\",\"breadcrumb\":{\"@id\":\"https:\\\/\\\/stg.rhinolands.com\\\/fr\\\/info\\\/testimonials\\\/#breadcrumb\"},\"inLanguage\":\"fr-FR\",\"potentialAction\":[{\"@type\":\"ReadAction\",\"target\":[\"https:\\\/\\\/stg.rhinolands.com\\\/fr\\\/info\\\/testimonials\\\/\"]}]},{\"@type\":\"BreadcrumbList\",\"@id\":\"https:\\\/\\\/stg.rhinolands.com\\\/fr\\\/info\\\/testimonials\\\/#breadcrumb\",\"itemListElement\":[{\"@type\":\"ListItem\",\"position\":1,\"name\":\"Home\",\"item\":\"https:\\\/\\\/stg.rhinolands.com\\\/fr\\\/\"},{\"@type\":\"ListItem\",\"position\":2,\"name\":\"Info\",\"item\":\"https:\\\/\\\/stg.rhinolands.com\\\/fr\\\/info\\\/\"},{\"@type\":\"ListItem\",\"position\":3,\"name\":\"T\u00e9moignages\"}]},{\"@type\":\"WebSite\",\"@id\":\"https:\\\/\\\/stg.rhinolands.com\\\/fr\\\/#website\",\"url\":\"https:\\\/\\\/stg.rhinolands.com\\\/fr\\\/\",\"name\":\"RhinoLands\",\"description\":\"BIM landscape software\",\"publisher\":{\"@id\":\"https:\\\/\\\/stg.rhinolands.com\\\/fr\\\/#organization\"},\"potentialAction\":[{\"@type\":\"SearchAction\",\"target\":{\"@type\":\"EntryPoint\",\"urlTemplate\":\"https:\\\/\\\/stg.rhinolands.com\\\/fr\\\/?s={search_term_string}\"},\"query-input\":{\"@type\":\"PropertyValueSpecification\",\"valueRequired\":true,\"valueName\":\"search_term_string\"}}],\"inLanguage\":\"fr-FR\"},{\"@type\":\"Organization\",\"@id\":\"https:\\\/\\\/stg.rhinolands.com\\\/fr\\\/#organization\",\"name\":\"Asuni Soft\",\"url\":\"https:\\\/\\\/stg.rhinolands.com\\\/fr\\\/\",\"logo\":{\"@type\":\"ImageObject\",\"inLanguage\":\"fr-FR\",\"@id\":\"https:\\\/\\\/stg.rhinolands.com\\\/fr\\\/#\\\/schema\\\/logo\\\/image\\\/\",\"url\":\"https:\\\/\\\/stg.rhinolands.com\\\/wp-content\\\/uploads\\\/2020\\\/02\\\/AsuniLogoFinal-01.png\",\"contentUrl\":\"https:\\\/\\\/stg.rhinolands.com\\\/wp-content\\\/uploads\\\/2020\\\/02\\\/AsuniLogoFinal-01.png\",\"width\":151,\"height\":46,\"caption\":\"Asuni Soft\"},\"image\":{\"@id\":\"https:\\\/\\\/stg.rhinolands.com\\\/fr\\\/#\\\/schema\\\/logo\\\/image\\\/\"}}]}<\/script>\n<!-- \/ Yoast SEO plugin. -->","yoast_head_json":{"title":"T\u00e9moignages - RhinoLands","robots":{"index":"noindex","follow":"follow","max-snippet":"max-snippet:-1","max-image-preview":"max-image-preview:large","max-video-preview":"max-video-preview:-1"},"og_locale":"fr_FR","og_type":"article","og_title":"T\u00e9moignages - RhinoLands","og_description":"En tant qu'architecte, j'utilise principalement Lands Design pour ses outils de topographie faciles \u00e0 utiliser. Il offre une base solide pour d\u00e9finir les fondations de mes projets. Mon outil pr\u00e9f\u00e9r\u00e9 est la vaste biblioth\u00e8que de plantes, qui ne cesse de s'enrichir. Elle m'aide \u00e0 donner un sens r\u00e9el \u00e0 mes conceptions paysag\u00e8res plut\u00f4t que de [&hellip;]","og_url":"https:\/\/stg.rhinolands.com\/fr\/info\/testimonials\/","og_site_name":"RhinoLands","article_modified_time":"2023-01-13T15:43:44+00:00","twitter_card":"summary_large_image","twitter_misc":{"Dur\u00e9e de lecture estim\u00e9e":"3 minutes"},"schema":{"@context":"https:\/\/schema.org","@graph":[{"@type":"WebPage","@id":"https:\/\/stg.rhinolands.com\/fr\/info\/testimonials\/","url":"https:\/\/stg.rhinolands.com\/fr\/info\/testimonials\/","name":"T\u00e9moignages - RhinoLands","isPartOf":{"@id":"https:\/\/stg.rhinolands.com\/fr\/#website"},"datePublished":"2023-01-13T15:43:42+00:00","dateModified":"2023-01-13T15:43:44+00:00","breadcrumb":{"@id":"https:\/\/stg.rhinolands.com\/fr\/info\/testimonials\/#breadcrumb"},"inLanguage":"fr-FR","potentialAction":[{"@type":"ReadAction","target":["https:\/\/stg.rhinolands.com\/fr\/info\/testimonials\/"]}]},{"@type":"BreadcrumbList","@id":"https:\/\/stg.rhinolands.com\/fr\/info\/testimonials\/#breadcrumb","itemListElement":[{"@type":"ListItem","position":1,"name":"Home","item":"https:\/\/stg.rhinolands.com\/fr\/"},{"@type":"ListItem","position":2,"name":"Info","item":"https:\/\/stg.rhinolands.com\/fr\/info\/"},{"@type":"ListItem","position":3,"name":"T\u00e9moignages"}]},{"@type":"WebSite","@id":"https:\/\/stg.rhinolands.com\/fr\/#website","url":"https:\/\/stg.rhinolands.com\/fr\/","name":"RhinoLands","description":"BIM landscape software","publisher":{"@id":"https:\/\/stg.rhinolands.com\/fr\/#organization"},"potentialAction":[{"@type":"SearchAction","target":{"@type":"EntryPoint","urlTemplate":"https:\/\/stg.rhinolands.com\/fr\/?s={search_term_string}"},"query-input":{"@type":"PropertyValueSpecification","valueRequired":true,"valueName":"search_term_string"}}],"inLanguage":"fr-FR"},{"@type":"Organization","@id":"https:\/\/stg.rhinolands.com\/fr\/#organization","name":"Asuni Soft","url":"https:\/\/stg.rhinolands.com\/fr\/","logo":{"@type":"ImageObject","inLanguage":"fr-FR","@id":"https:\/\/stg.rhinolands.com\/fr\/#\/schema\/logo\/image\/","url":"https:\/\/stg.rhinolands.com\/wp-content\/uploads\/2020\/02\/AsuniLogoFinal-01.png","contentUrl":"https:\/\/stg.rhinolands.com\/wp-content\/uploads\/2020\/02\/AsuniLogoFinal-01.png","width":151,"height":46,"caption":"Asuni Soft"},"image":{"@id":"https:\/\/stg.rhinolands.com\/fr\/#\/schema\/logo\/image\/"}}]}},"_links":{"self":[{"href":"https:\/\/stg.rhinolands.com\/fr\/wp-json\/wp\/v2\/pages\/73328","targetHints":{"allow":["GET"]}}],"collection":[{"href":"https:\/\/stg.rhinolands.com\/fr\/wp-json\/wp\/v2\/pages"}],"about":[{"href":"https:\/\/stg.rhinolands.com\/fr\/wp-json\/wp\/v2\/types\/page"}],"author":[{"embeddable":true,"href":"https:\/\/stg.rhinolands.com\/fr\/wp-json\/wp\/v2\/users\/1"}],"replies":[{"embeddable":true,"href":"https:\/\/stg.rhinolands.com\/fr\/wp-json\/wp\/v2\/comments?post=73328"}],"version-history":[{"count":2,"href":"https:\/\/stg.rhinolands.com\/fr\/wp-json\/wp\/v2\/pages\/73328\/revisions"}],"predecessor-version":[{"id":73331,"href":"https:\/\/stg.rhinolands.com\/fr\/wp-json\/wp\/v2\/pages\/73328\/revisions\/73331"}],"up":[{"embeddable":true,"href":"https:\/\/stg.rhinolands.com\/fr\/wp-json\/wp\/v2\/pages\/64492"}],"wp:attachment":[{"href":"https:\/\/stg.rhinolands.com\/fr\/wp-json\/wp\/v2\/media?parent=73328"}],"curies":[{"name":"wp","href":"https:\/\/api.w.org\/{rel}","templated":true}]}}